{"id":140,"date":"2020-04-07T19:02:04","date_gmt":"2020-04-07T18:02:04","guid":{"rendered":"\/?page_id=140"},"modified":"2025-10-13T16:52:07","modified_gmt":"2025-10-13T15:52:07","slug":"udvozol-a-keri","status":"publish","type":"page","link":"\/","title":{"rendered":"\u00dcdv\u00f6z\u00f6l a Keri!"},"content":{"rendered":"\n<div style=\"height:60px\" aria-hidden=\"true\" class=\"wp-block-spacer\"><\/div>\n\n\n\n<hr class=\"wp-block-separator has-css-opacity is-style-wide\"\/>\n\n\n\n<div style=\"height:9px\" aria-hidden=\"true\" class=\"wp-block-spacer\"><\/div>\n\n\n\n<h1 class=\"wp-block-heading has-text-align-center has-text-color\" style=\"color:#003b43\"><strong>Aktualit\u00e1sok<\/strong><\/h1>\n\n\n\n<div class=\"wp-block-group alignfull is-content-justification-center is-nowrap is-layout-flex wp-container-core-group-is-layout-94bc23d7 wp-block-group-is-layout-flex\">\n<div class=\"wp-block-columns is-layout-flex wp-container-core-columns-is-layout-9d6595d7 wp-block-columns-is-layout-flex\">\n<div class=\"wp-block-column is-layout-flow wp-block-column-is-layout-flow\"><\/div>\n<\/div>\n\n\n\n<figure class=\"wp-block-image size-full is-resized\"><img fetchpriority=\"high\" decoding=\"async\" width=\"873\" height=\"1240\" src=\"\/wp-content\/uploads\/2025\/09\/PAV-szakkepzo-technikum-2.jpg\" alt=\"\" class=\"wp-image-54185\" style=\"width:437px;height:auto\" srcset=\"\/wp-content\/uploads\/2025\/09\/PAV-szakkepzo-technikum-2.jpg 873w, \/wp-content\/uploads\/2025\/09\/PAV-szakkepzo-technikum-2-563x800.jpg 563w, \/wp-content\/uploads\/2025\/09\/PAV-szakkepzo-technikum-2-768x1091.jpg 768w\" sizes=\"(max-width: 873px) 100vw, 873px\" \/><\/figure>\n\n\n\n<figure class=\"wp-block-image size-full is-resized\"><img decoding=\"async\" width=\"873\" height=\"1240\" src=\"\/wp-content\/uploads\/2025\/09\/PAV-szakkepzo-technikum-1-1.jpg\" alt=\"\" class=\"wp-image-54184\" style=\"width:429px;height:auto\" srcset=\"\/wp-content\/uploads\/2025\/09\/PAV-szakkepzo-technikum-1-1.jpg 873w, \/wp-content\/uploads\/2025\/09\/PAV-szakkepzo-technikum-1-1-563x800.jpg 563w, \/wp-content\/uploads\/2025\/09\/PAV-szakkepzo-technikum-1-1-768x1091.jpg 768w\" sizes=\"(max-width: 873px) 100vw, 873px\" \/><\/figure>\n<\/div>\n\n\n<div class=\"wp-block-image\">\n<figure class=\"aligncenter size-full is-resized\"><img decoding=\"async\" width=\"1812\" height=\"2539\" src=\"\/wp-content\/uploads\/2025\/10\/Aktiv-iskola-lettunk-1.jpg\" alt=\"\" class=\"wp-image-54430\" style=\"width:626px;height:auto\" srcset=\"\/wp-content\/uploads\/2025\/10\/Aktiv-iskola-lettunk-1.jpg 1812w, \/wp-content\/uploads\/2025\/10\/Aktiv-iskola-lettunk-1-571x800.jpg 571w, \/wp-content\/uploads\/2025\/10\/Aktiv-iskola-lettunk-1-768x1076.jpg 768w, \/wp-content\/uploads\/2025\/10\/Aktiv-iskola-lettunk-1-1096x1536.jpg 1096w, \/wp-content\/uploads\/2025\/10\/Aktiv-iskola-lettunk-1-1462x2048.jpg 1462w\" sizes=\"(max-width: 1812px) 100vw, 1812px\" \/><\/figure>\n<\/div>\n\n\n<div class=\"wp-block-columns is-layout-flex wp-container-core-columns-is-layout-9d6595d7 wp-block-columns-is-layout-flex\">\n<div class=\"wp-block-column is-layout-flow wp-block-column-is-layout-flow\" style=\"flex-basis:66.66%\">\n<h4 class=\"wp-block-heading has-text-align-center has-text-color\" style=\"color:#003b43\">T\u00e1j\u00e9koztat\u00e1s a 2025. \u00e9vi \u0151szi sz\u00fcnidei gyermek\u00e9tkeztet\u00e9sr\u0151l<\/h4>\n<\/div>\n\n\n\n<div class=\"wp-block-column is-layout-flow wp-block-column-is-layout-flow\" style=\"flex-basis:33.33%\">\n<div class=\"wp-block-buttons is-layout-flex wp-block-buttons-is-layout-flex\">\n<div class=\"wp-block-button\"><a class=\"wp-block-button__link has-background wp-element-button\" href=\"https:\/\/drive.google.com\/file\/d\/1_ZeKoBuCyR5vLbEfZ8c7K0n7fvJSYlW-\/view?usp=drive_link\" style=\"border-radius:15px;background-color:#4d71b1\" target=\"_blank\" rel=\"noreferrer noopener\">Megn\u00e9zem<\/a><\/div>\n<\/div>\n<\/div>\n<\/div>\n\n\n\n<div class=\"wp-block-columns is-layout-flex wp-container-core-columns-is-layout-9d6595d7 wp-block-columns-is-layout-flex\">\n<div class=\"wp-block-column is-layout-flow wp-block-column-is-layout-flow\">\n<div class=\"wp-block-columns is-layout-flex wp-container-core-columns-is-layout-9d6595d7 wp-block-columns-is-layout-flex\">\n<div class=\"wp-block-column is-layout-flow wp-block-column-is-layout-flow\" style=\"flex-basis:66.66%\">\n<h4 class=\"wp-block-heading has-text-align-center\">B\u00c9K\u00c9S V\u00c1RMEGYEI REND\u0150R-F\u0150KAPIT\u00c1NYS\u00c1G<br>B\u0170N\u00dcGYI IGAZGAT\u00d3S\u00c1G B\u0170NMEGEL\u0150Z\u00c9SI OSZT\u00c1LY &#8211; A Magyar \u00d6kumenikus Seg\u00e9lyszervezet \u00e1ltal ny\u00fajtott, a kapcsolati er\u0151szak<br>\u00e1ldozatait seg\u00edt\u0151 szolg\u00e1ltat\u00e1sok<\/h4>\n\n\n\n<p class=\"has-text-align-center\"><\/p>\n\n\n\n<p class=\"has-text-align-center\"><\/p>\n<\/div>\n\n\n\n<div class=\"wp-block-column is-layout-flow wp-block-column-is-layout-flow\" style=\"flex-basis:33.33%\">\n<div class=\"wp-block-buttons is-layout-flex wp-block-buttons-is-layout-flex\">\n<div class=\"wp-block-button\"><a class=\"wp-block-button__link has-background wp-element-button\" href=\"https:\/\/drive.google.com\/file\/d\/1DKUBZYw5ovlNSZ9Yrqbe3vCKmAZaHpdb\/view?usp=drive_link\" style=\"border-radius:15px;background-color:#4d71b1\" target=\"_blank\" rel=\"noreferrer noopener\">Megn\u00e9zem<\/a><\/div>\n<\/div>\n<\/div>\n<\/div>\n<\/div>\n<\/div>\n\n\n\n<hr class=\"wp-block-separator has-css-opacity is-style-wide\"\/>\n\n\n\n<div style=\"height:18px\" aria-hidden=\"true\" class=\"wp-block-spacer\"><\/div>\n\n\n\n<h3 class=\"wp-block-heading has-text-align-center has-text-color\" style=\"color:#003b43\"><strong> Legfrissebb h\u00edreink <\/strong><\/h3>\n\n\n\n<div class=\"wp-block-group\"><div class=\"wp-block-group__inner-container is-layout-flow wp-block-group-is-layout-flow\">\n<div class=\"wp-block-group\"><div class=\"wp-block-group__inner-container is-layout-flow wp-block-group-is-layout-flow\"><ul class=\"wp-block-latest-posts__list is-grid columns-3 has-dates aligncenter wp-block-latest-posts\"><li><div class=\"wp-block-latest-posts__featured-image alignleft\"><img loading=\"lazy\" decoding=\"async\" width=\"150\" height=\"150\" src=\"\/wp-content\/uploads\/2026\/03\/belyegkep-1-150x150.png\" class=\"attachment-thumbnail size-thumbnail wp-post-image\" alt=\"\" style=\"\" srcset=\"\/wp-content\/uploads\/2026\/03\/belyegkep-1-150x150.png 150w, \/wp-content\/uploads\/2026\/03\/belyegkep-1.png 512w\" sizes=\"(max-width: 150px) 100vw, 150px\" \/><\/div><a class=\"wp-block-latest-posts__post-title\" href=\"\/index.php\/2026\/03\/27\/digitalis-temahet-2026-5-nap\/\">Digit\u00e1lis T\u00e9mah\u00e9t 2026. &#8211; 5. nap<\/a><time datetime=\"2026-03-27T12:30:58+01:00\" class=\"wp-block-latest-posts__post-date\">2026.03.27.<\/time><\/li>\n<li><div class=\"wp-block-latest-posts__featured-image alignleft\"><img loading=\"lazy\" decoding=\"async\" width=\"150\" height=\"150\" src=\"\/wp-content\/uploads\/2026\/03\/belyegkep-1-150x150.png\" class=\"attachment-thumbnail size-thumbnail wp-post-image\" alt=\"\" style=\"\" srcset=\"\/wp-content\/uploads\/2026\/03\/belyegkep-1-150x150.png 150w, \/wp-content\/uploads\/2026\/03\/belyegkep-1.png 512w\" sizes=\"(max-width: 150px) 100vw, 150px\" \/><\/div><a class=\"wp-block-latest-posts__post-title\" href=\"\/index.php\/2026\/03\/26\/digitalis-temahet-2026-4-nap\/\">Digit\u00e1lis T\u00e9mah\u00e9t 2026. &#8211; 4. nap<\/a><time datetime=\"2026-03-26T16:34:45+01:00\" class=\"wp-block-latest-posts__post-date\">2026.03.26.<\/time><\/li>\n<li><div class=\"wp-block-latest-posts__featured-image alignleft\"><img loading=\"lazy\" decoding=\"async\" width=\"150\" height=\"150\" src=\"\/wp-content\/uploads\/2026\/03\/belyegkep-13-150x150.jpg\" class=\"attachment-thumbnail size-thumbnail wp-post-image\" alt=\"\" style=\"\" \/><\/div><a class=\"wp-block-latest-posts__post-title\" href=\"\/index.php\/2026\/03\/26\/pek-cukrasz-szakma-kivalo-tanuloja-verseny-eredmenyhirdetes-2\/\">P\u00e9k-cukr\u00e1sz Szakma Kiv\u00e1l\u00f3 Tanul\u00f3ja Verseny eredm\u00e9nyhirdet\u00e9s<\/a><time datetime=\"2026-03-26T10:34:39+01:00\" class=\"wp-block-latest-posts__post-date\">2026.03.26.<\/time><\/li>\n<li><div class=\"wp-block-latest-posts__featured-image alignleft\"><img loading=\"lazy\" decoding=\"async\" width=\"150\" height=\"150\" src=\"\/wp-content\/uploads\/2026\/03\/belyegkep-12-150x150.jpg\" class=\"attachment-thumbnail size-thumbnail wp-post-image\" alt=\"\" style=\"\" \/><\/div><a class=\"wp-block-latest-posts__post-title\" href=\"\/index.php\/2026\/03\/26\/vi-diszcsomagolo-orszagos-verseny\/\">VI. D\u00edszcsomagol\u00f3 Orsz\u00e1gos Verseny<\/a><time datetime=\"2026-03-26T10:00:33+01:00\" class=\"wp-block-latest-posts__post-date\">2026.03.26.<\/time><\/li>\n<li><div class=\"wp-block-latest-posts__featured-image alignleft\"><img loading=\"lazy\" decoding=\"async\" width=\"150\" height=\"150\" src=\"\/wp-content\/uploads\/2026\/03\/belyegkep-1-150x150.png\" class=\"attachment-thumbnail size-thumbnail wp-post-image\" alt=\"\" style=\"\" srcset=\"\/wp-content\/uploads\/2026\/03\/belyegkep-1-150x150.png 150w, \/wp-content\/uploads\/2026\/03\/belyegkep-1.png 512w\" sizes=\"(max-width: 150px) 100vw, 150px\" \/><\/div><a class=\"wp-block-latest-posts__post-title\" href=\"\/index.php\/2026\/03\/25\/digitalis-temahet-2026-3-nap\/\">Digit\u00e1lis T\u00e9mah\u00e9t 2026. &#8211; 3. nap<\/a><time datetime=\"2026-03-25T15:20:33+01:00\" class=\"wp-block-latest-posts__post-date\">2026.03.25.<\/time><\/li>\n<li><div class=\"wp-block-latest-posts__featured-image alignleft\"><img loading=\"lazy\" decoding=\"async\" width=\"150\" height=\"150\" src=\"\/wp-content\/uploads\/2026\/03\/belyegkep-11-150x150.jpg\" class=\"attachment-thumbnail size-thumbnail wp-post-image\" alt=\"\" style=\"\" \/><\/div><a class=\"wp-block-latest-posts__post-title\" href=\"\/index.php\/2026\/03\/25\/pek-cukrasz-szakma-kivalo-tanuloja-verseny-2-nap\/\">P\u00e9k-cukr\u00e1sz Szakma Kiv\u00e1l\u00f3 Tanul\u00f3ja Verseny 2.nap<\/a><time datetime=\"2026-03-25T09:55:43+01:00\" class=\"wp-block-latest-posts__post-date\">2026.03.25.<\/time><\/li>\n<\/ul><\/div><\/div>\n<\/div><\/div>\n\n\n\n<p><\/p>\n","protected":false},"excerpt":{"rendered":"<p>Aktualit\u00e1sok T\u00e1j\u00e9koztat\u00e1s a 2025. \u00e9vi \u0151szi sz\u00fcnidei gyermek\u00e9tkeztet\u00e9sr\u0151l B\u00c9K\u00c9S V\u00c1RMEGYEI REND\u0150R-F\u0150KAPIT\u00c1NYS\u00c1GB\u0170N\u00dcGYI IGAZGAT\u00d3S\u00c1G B\u0170NMEGEL\u0150Z\u00c9SI OSZT\u00c1LY &#8211; A Magyar \u00d6kumenikus Seg\u00e9lyszervezet \u00e1ltal ny\u00fajtott, a kapcsolati er\u0151szak\u00e1ldozatait seg\u00edt\u0151 szolg\u00e1ltat\u00e1sok Legfrissebb h\u00edreink<\/p>\n","protected":false},"author":2,"featured_media":0,"parent":0,"menu_order":0,"comment_status":"closed","ping_status":"closed","template":"page-template\/custom-homepage.php","meta":{"footnotes":""},"class_list":["post-140","page","type-page","status-publish","hentry"],"_links":{"self":[{"href":"\/index.php\/wp-json\/wp\/v2\/pages\/140","targetHints":{"allow":["GET"]}}],"collection":[{"href":"\/index.php\/wp-json\/wp\/v2\/pages"}],"about":[{"href":"\/index.php\/wp-json\/wp\/v2\/types\/page"}],"author":[{"embeddable":true,"href":"\/index.php\/wp-json\/wp\/v2\/users\/2"}],"replies":[{"embeddable":true,"href":"\/index.php\/wp-json\/wp\/v2\/comments?post=140"}],"version-history":[{"count":117,"href":"\/index.php\/wp-json\/wp\/v2\/pages\/140\/revisions"}],"predecessor-version":[{"id":54930,"href":"\/index.php\/wp-json\/wp\/v2\/pages\/140\/revisions\/54930"}],"wp:attachment":[{"href":"\/index.php\/wp-json\/wp\/v2\/media?parent=140"}],"curies":[{"name":"wp","href":"https:\/\/api.w.org\/{rel}","templated":true}]}}