{"id":13763,"date":"2022-04-19T21:31:13","date_gmt":"2022-04-19T20:31:13","guid":{"rendered":"\/?page_id=13763"},"modified":"2022-04-19T21:34:01","modified_gmt":"2022-04-19T20:34:01","slug":"tankonyvrendeles-a-2022-2023-as-tanevre","status":"publish","type":"page","link":"\/index.php\/tankonyvrendeles-a-2022-2023-as-tanevre\/","title":{"rendered":"Tank\u00f6nyvrendel\u00e9s a 2022\/2023-as tan\u00e9vre"},"content":{"rendered":"\t\t<div data-elementor-type=\"wp-page\" data-elementor-id=\"13763\" class=\"elementor elementor-13763\" data-elementor-post-type=\"page\">\n\t\t\t\t\t\t<section class=\"elementor-section elementor-top-section elementor-element elementor-element-b5e72f7 elementor-section-boxed elementor-section-height-default elementor-section-height-default\" data-id=\"b5e72f7\" data-element_type=\"section\" data-e-type=\"section\">\n\t\t\t\t\t\t<div class=\"elementor-container elementor-column-gap-default\">\n\t\t\t\t\t<div class=\"elementor-column elementor-col-100 elementor-top-column elementor-element elementor-element-366c1c4\" data-id=\"366c1c4\" data-element_type=\"column\" data-e-type=\"column\">\n\t\t\t<div class=\"elementor-widget-wrap elementor-element-populated\">\n\t\t\t\t\t\t<div class=\"elementor-element elementor-element-39fe197 elementor-widget elementor-widget-spacer\" data-id=\"39fe197\" data-element_type=\"widget\" data-e-type=\"widget\" data-widget_type=\"spacer.default\">\n\t\t\t\t<div class=\"elementor-widget-container\">\n\t\t\t\t\t\t\t<div class=\"elementor-spacer\">\n\t\t\t<div class=\"elementor-spacer-inner\"><\/div>\n\t\t<\/div>\n\t\t\t\t\t\t<\/div>\n\t\t\t\t<\/div>\n\t\t\t\t\t<\/div>\n\t\t<\/div>\n\t\t\t\t\t<\/div>\n\t\t<\/section>\n\t\t\t\t<section class=\"elementor-section elementor-top-section elementor-element elementor-element-d1bf89f elementor-section-boxed elementor-section-height-default elementor-section-height-default\" data-id=\"d1bf89f\" data-element_type=\"section\" data-e-type=\"section\">\n\t\t\t\t\t\t<div class=\"elementor-container elementor-column-gap-default\">\n\t\t\t\t\t<div class=\"elementor-column elementor-col-100 elementor-top-column elementor-element elementor-element-9bd2af8\" data-id=\"9bd2af8\" data-element_type=\"column\" data-e-type=\"column\">\n\t\t\t<div class=\"elementor-widget-wrap elementor-element-populated\">\n\t\t\t\t\t\t<div class=\"elementor-element elementor-element-91548bf elementor-widget elementor-widget-heading\" data-id=\"91548bf\" data-element_type=\"widget\" data-e-type=\"widget\" data-widget_type=\"heading.default\">\n\t\t\t\t<div class=\"elementor-widget-container\">\n\t\t\t\t\t<h2 class=\"elementor-heading-title elementor-size-default\">Tisztelt Sz\u00fcl\u0151k!<\/h2>\t\t\t\t<\/div>\n\t\t\t\t<\/div>\n\t\t\t\t\t<\/div>\n\t\t<\/div>\n\t\t\t\t\t<\/div>\n\t\t<\/section>\n\t\t\t\t<section class=\"elementor-section elementor-top-section elementor-element elementor-element-0ec716c elementor-section-boxed elementor-section-height-default elementor-section-height-default\" data-id=\"0ec716c\" data-element_type=\"section\" data-e-type=\"section\">\n\t\t\t\t\t\t<div class=\"elementor-container elementor-column-gap-default\">\n\t\t\t\t\t<div class=\"elementor-column elementor-col-100 elementor-top-column elementor-element elementor-element-ade60b6\" data-id=\"ade60b6\" data-element_type=\"column\" data-e-type=\"column\">\n\t\t\t<div class=\"elementor-widget-wrap elementor-element-populated\">\n\t\t\t\t\t\t<div class=\"elementor-element elementor-element-07e96f4 elementor-widget elementor-widget-spacer\" data-id=\"07e96f4\" data-element_type=\"widget\" data-e-type=\"widget\" data-widget_type=\"spacer.default\">\n\t\t\t\t<div class=\"elementor-widget-container\">\n\t\t\t\t\t\t\t<div class=\"elementor-spacer\">\n\t\t\t<div class=\"elementor-spacer-inner\"><\/div>\n\t\t<\/div>\n\t\t\t\t\t\t<\/div>\n\t\t\t\t<\/div>\n\t\t\t\t\t<\/div>\n\t\t<\/div>\n\t\t\t\t\t<\/div>\n\t\t<\/section>\n\t\t\t\t<section class=\"elementor-section elementor-top-section elementor-element elementor-element-cce46ec elementor-section-boxed elementor-section-height-default elementor-section-height-default\" data-id=\"cce46ec\" data-element_type=\"section\" data-e-type=\"section\">\n\t\t\t\t\t\t<div class=\"elementor-container elementor-column-gap-default\">\n\t\t\t\t\t<div class=\"elementor-column elementor-col-100 elementor-top-column elementor-element elementor-element-5f34992\" data-id=\"5f34992\" data-element_type=\"column\" data-e-type=\"column\">\n\t\t\t<div class=\"elementor-widget-wrap elementor-element-populated\">\n\t\t\t\t\t\t<div class=\"elementor-element elementor-element-04ff30d elementor-widget elementor-widget-text-editor\" data-id=\"04ff30d\" data-element_type=\"widget\" data-e-type=\"widget\" data-widget_type=\"text-editor.default\">\n\t\t\t\t<div class=\"elementor-widget-container\">\n\t\t\t\t\t\t\t\t\t<p>Az el\u0151z\u0151 tan\u00e9vehez hasonl\u00f3an\u00a0 iskol\u00e1nk 2022\/2023-as tan\u00e9vre vonatkoz\u00f3 tank\u00f6nyvrendel\u00e9se online fel\u00fcleten fog megt\u00f6rt\u00e9nni.<\/p><p>K\u00e9rj\u00fck \u00d6n\u00f6ket, hogy alaposan olvass\u00e1k el az al\u00e1bbi sorokat, amik a tank\u00f6nyvrendel\u00e9ssel kapcsolatosan tartalmaznak fontos tudnival\u00f3kat!\u00a0<\/p><p>Meg\u00e9rt\u00e9s\u00fcket \u00e9s seg\u00edt\u0151 egy\u00fcttm\u00fck\u00f6d\u00e9s\u00fcket ez\u00faton is k\u00f6sz\u00f6nj\u00fck!<\/p>\t\t\t\t\t\t\t\t<\/div>\n\t\t\t\t<\/div>\n\t\t\t\t\t<\/div>\n\t\t<\/div>\n\t\t\t\t\t<\/div>\n\t\t<\/section>\n\t\t\t\t<section class=\"elementor-section elementor-top-section elementor-element elementor-element-281be43 elementor-section-boxed elementor-section-height-default elementor-section-height-default\" data-id=\"281be43\" data-element_type=\"section\" data-e-type=\"section\">\n\t\t\t\t\t\t<div class=\"elementor-container elementor-column-gap-default\">\n\t\t\t\t\t<div class=\"elementor-column elementor-col-100 elementor-top-column elementor-element elementor-element-9c358b6\" data-id=\"9c358b6\" data-element_type=\"column\" data-e-type=\"column\">\n\t\t\t<div class=\"elementor-widget-wrap elementor-element-populated\">\n\t\t\t\t\t\t<div class=\"elementor-element elementor-element-9ea4c35 elementor-widget elementor-widget-text-editor\" data-id=\"9ea4c35\" data-element_type=\"widget\" data-e-type=\"widget\" data-widget_type=\"text-editor.default\">\n\t\t\t\t<div class=\"elementor-widget-container\">\n\t\t\t\t\t\t\t\t\t<p style=\"text-align: right;\">Tisztelettel,<\/p><p style=\"text-align: right;\">Eke Ibolya<\/p><p style=\"text-align: right;\">igazgat\u00f3<\/p>\t\t\t\t\t\t\t\t<\/div>\n\t\t\t\t<\/div>\n\t\t\t\t\t<\/div>\n\t\t<\/div>\n\t\t\t\t\t<\/div>\n\t\t<\/section>\n\t\t\t\t<section class=\"elementor-section elementor-top-section elementor-element elementor-element-c8100ff elementor-section-boxed elementor-section-height-default elementor-section-height-default\" data-id=\"c8100ff\" data-element_type=\"section\" data-e-type=\"section\">\n\t\t\t\t\t\t<div class=\"elementor-container elementor-column-gap-default\">\n\t\t\t\t\t<div class=\"elementor-column elementor-col-100 elementor-top-column elementor-element elementor-element-a3f413e\" data-id=\"a3f413e\" data-element_type=\"column\" data-e-type=\"column\">\n\t\t\t<div class=\"elementor-widget-wrap elementor-element-populated\">\n\t\t\t\t\t\t<div class=\"elementor-element elementor-element-f44feb3 elementor-widget elementor-widget-spacer\" data-id=\"f44feb3\" data-element_type=\"widget\" data-e-type=\"widget\" data-widget_type=\"spacer.default\">\n\t\t\t\t<div class=\"elementor-widget-container\">\n\t\t\t\t\t\t\t<div class=\"elementor-spacer\">\n\t\t\t<div class=\"elementor-spacer-inner\"><\/div>\n\t\t<\/div>\n\t\t\t\t\t\t<\/div>\n\t\t\t\t<\/div>\n\t\t\t\t\t<\/div>\n\t\t<\/div>\n\t\t\t\t\t<\/div>\n\t\t<\/section>\n\t\t\t\t<section class=\"elementor-section elementor-top-section elementor-element elementor-element-b6dad5c elementor-section-boxed elementor-section-height-default elementor-section-height-default\" data-id=\"b6dad5c\" data-element_type=\"section\" data-e-type=\"section\">\n\t\t\t\t\t\t<div class=\"elementor-container elementor-column-gap-default\">\n\t\t\t\t\t<div class=\"elementor-column elementor-col-100 elementor-top-column elementor-element elementor-element-855b278\" data-id=\"855b278\" data-element_type=\"column\" data-e-type=\"column\">\n\t\t\t<div class=\"elementor-widget-wrap elementor-element-populated\">\n\t\t\t\t\t\t<div class=\"elementor-element elementor-element-7caceb1 elementor-widget elementor-widget-heading\" data-id=\"7caceb1\" data-element_type=\"widget\" data-e-type=\"widget\" data-widget_type=\"heading.default\">\n\t\t\t\t<div class=\"elementor-widget-container\">\n\t\t\t\t\t<h2 class=\"elementor-heading-title elementor-size-default\">Fontos inform\u00e1ci\u00f3k a tank\u00f6nyvrendel\u00e9ssel kapcsolatban<\/h2>\t\t\t\t<\/div>\n\t\t\t\t<\/div>\n\t\t\t\t\t<\/div>\n\t\t<\/div>\n\t\t\t\t\t<\/div>\n\t\t<\/section>\n\t\t\t\t<section class=\"elementor-section elementor-top-section elementor-element elementor-element-7c4978e elementor-section-boxed elementor-section-height-default elementor-section-height-default\" data-id=\"7c4978e\" data-element_type=\"section\" data-e-type=\"section\">\n\t\t\t\t\t\t<div class=\"elementor-container elementor-column-gap-default\">\n\t\t\t\t\t<div class=\"elementor-column elementor-col-100 elementor-top-column elementor-element elementor-element-766bb8e\" data-id=\"766bb8e\" data-element_type=\"column\" data-e-type=\"column\">\n\t\t\t<div class=\"elementor-widget-wrap elementor-element-populated\">\n\t\t\t\t\t\t<div class=\"elementor-element elementor-element-e2af9f6 elementor-widget elementor-widget-text-editor\" data-id=\"e2af9f6\" data-element_type=\"widget\" data-e-type=\"widget\" data-widget_type=\"text-editor.default\">\n\t\t\t\t<div class=\"elementor-widget-container\">\n\t\t\t\t\t\t\t\t\t<p>Iskol\u00e1nk a t\u00f6rv\u00e9nyi szab\u00e1lyoz\u00e1soknak megfelel\u0151en a 9.-16. \u00e9vfolyam minden tanul\u00f3ja sz\u00e1m\u00e1ra t\u00e9r\u00edt\u00e9smentesen biztos\u00edtja a tank\u00f6nyveket, ami azt jelenti, hogy a tan\u00e9v elej\u00e9n INGYENESEN kapj\u00e1k meg a tank\u00f6nyveket az iskola k\u00f6nyvt\u00e1r\u00e1b\u00f3l, amiket a tan\u00e9v v\u00e9g\u00e9n VISSZA KELL ADNIUK. (Ez al\u00f3l kiv\u00e9telt k\u00e9peznek a munkaf\u00fczetek, azokat NEM KELL a tan\u00e9v v\u00e9g\u00e9n visszaadni.)<\/p>\t\t\t\t\t\t\t\t<\/div>\n\t\t\t\t<\/div>\n\t\t\t\t\t<\/div>\n\t\t<\/div>\n\t\t\t\t\t<\/div>\n\t\t<\/section>\n\t\t\t\t<section class=\"elementor-section elementor-top-section elementor-element elementor-element-347e0fe elementor-section-boxed elementor-section-height-default elementor-section-height-default\" data-id=\"347e0fe\" data-element_type=\"section\" data-e-type=\"section\">\n\t\t\t\t\t\t<div class=\"elementor-container elementor-column-gap-default\">\n\t\t\t\t\t<div class=\"elementor-column elementor-col-100 elementor-top-column elementor-element elementor-element-4e853f3\" data-id=\"4e853f3\" data-element_type=\"column\" data-e-type=\"column\">\n\t\t\t<div class=\"elementor-widget-wrap elementor-element-populated\">\n\t\t\t\t\t\t<div class=\"elementor-element elementor-element-b2d58af elementor-widget elementor-widget-text-editor\" data-id=\"b2d58af\" data-element_type=\"widget\" data-e-type=\"widget\" data-widget_type=\"text-editor.default\">\n\t\t\t\t<div class=\"elementor-widget-container\">\n\t\t\t\t\t\t\t\t\t<p>\u2022 Tank\u00f6nyvrendel\u00e9si hat\u00e1rid\u0151: <strong>2022. \u00e1prilis. 25.<\/strong><\/p><p>\u2022 Az ingyenes tank\u00f6nyveket a tanul\u00f3 k\u00f6teles a tan\u00e9v v\u00e9g\u00e9n megk\u00edm\u00e9lt \u00e1llapotban leadni.<\/p><p>\u2022 Amennyiben a k\u00f6lcs\u00f6nz\u00f6tt tank\u00f6nyv a tan\u00e9v v\u00e9g\u00e9re haszn\u00e1lhatatlann\u00e1 v\u00e1lik, visszav\u00e9tel\u00e9t nem tudjuk biztos\u00edtani, a tank\u00f6nyv ellen\u00e9rt\u00e9k\u00e9t ki kell fizetni.<\/p><p>\u2022 Az iskol\u00e1ba felvett \u00faj tanul\u00f3k eset\u00e9ben legk\u00e9s\u0151bb a beiratkoz\u00e1skor kell a megfelel\u0151 tank\u00f6nyvrendel\u00e9si fel\u00fcletet kit\u00f6lteni. Amennyiben az online fel\u00fcletet hat\u00e1rid\u0151re nem t\u00f6lti ki, \u00fagy az iskola nem k\u00f6teles a k\u00e9s\u0151bb bejelentett ig\u00e9nyt kiel\u00e9g\u00edteni.<\/p><p>\u2022 A tank\u00f6nyvek \u00e1tv\u00e9tel\u00e9re <strong>2022. augusztus 20.<\/strong> ut\u00e1n ker\u00fcl sor az iskola honlapj\u00e1n (<strong>www.zwackkeri.hu<\/strong>) jelzett id\u0151pontban \u00e9s helysz\u00ednen.<\/p>\t\t\t\t\t\t\t\t<\/div>\n\t\t\t\t<\/div>\n\t\t\t\t\t<\/div>\n\t\t<\/div>\n\t\t\t\t\t<\/div>\n\t\t<\/section>\n\t\t\t\t<section class=\"elementor-section elementor-top-section elementor-element elementor-element-016c546 elementor-section-boxed elementor-section-height-default elementor-section-height-default\" data-id=\"016c546\" data-element_type=\"section\" data-e-type=\"section\">\n\t\t\t\t\t\t<div class=\"elementor-container elementor-column-gap-default\">\n\t\t\t\t\t<div class=\"elementor-column elementor-col-100 elementor-top-column elementor-element elementor-element-8648086\" data-id=\"8648086\" data-element_type=\"column\" data-e-type=\"column\">\n\t\t\t<div class=\"elementor-widget-wrap elementor-element-populated\">\n\t\t\t\t\t\t<div class=\"elementor-element elementor-element-0227427 elementor-align-center elementor-widget elementor-widget-button\" data-id=\"0227427\" data-element_type=\"widget\" data-e-type=\"widget\" data-widget_type=\"button.default\">\n\t\t\t\t<div class=\"elementor-widget-container\">\n\t\t\t\t\t\t\t\t\t<div class=\"elementor-button-wrapper\">\n\t\t\t\t\t<a class=\"elementor-button elementor-button-link elementor-size-xl\" href=\"index.php\/iskolatipus-kivalasztasa\">\n\t\t\t\t\t\t<span class=\"elementor-button-content-wrapper\">\n\t\t\t\t\t\t\t\t\t<span class=\"elementor-button-text\">Leadom a tank\u00f6nyvrendel\u00e9sem<\/span>\n\t\t\t\t\t<\/span>\n\t\t\t\t\t<\/a>\n\t\t\t\t<\/div>\n\t\t\t\t\t\t\t\t<\/div>\n\t\t\t\t<\/div>\n\t\t\t\t\t<\/div>\n\t\t<\/div>\n\t\t\t\t\t<\/div>\n\t\t<\/section>\n\t\t\t\t<\/div>\n\t\t","protected":false},"excerpt":{"rendered":"<p>Tisztelt Sz\u00fcl\u0151k! Az el\u0151z\u0151 tan\u00e9vehez hasonl\u00f3an\u00a0 iskol\u00e1nk 2022\/2023-as tan\u00e9vre vonatkoz\u00f3 tank\u00f6nyvrendel\u00e9se online fel\u00fcleten fog megt\u00f6rt\u00e9nni. K\u00e9rj\u00fck \u00d6n\u00f6ket, hogy alaposan olvass\u00e1k el az al\u00e1bbi sorokat, amik a tank\u00f6nyvrendel\u00e9ssel kapcsolatosan tartalmaznak fontos tudnival\u00f3kat!\u00a0 Meg\u00e9rt\u00e9s\u00fcket \u00e9s seg\u00edt\u0151 egy\u00fcttm\u00fck\u00f6d\u00e9s\u00fcket ez\u00faton is k\u00f6sz\u00f6nj\u00fck! Tisztelettel, Eke Ibolya igazgat\u00f3 Fontos inform\u00e1ci\u00f3k a tank\u00f6nyvrendel\u00e9ssel kapcsolatban Iskol\u00e1nk a t\u00f6rv\u00e9nyi szab\u00e1lyoz\u00e1soknak megfelel\u0151en a 9.-16. \u00e9vfolyam [&hellip;]<\/p>\n","protected":false},"author":4,"featured_media":0,"parent":0,"menu_order":0,"comment_status":"closed","ping_status":"closed","template":"","meta":{"footnotes":""},"class_list":["post-13763","page","type-page","status-publish","hentry"],"_links":{"self":[{"href":"\/index.php\/wp-json\/wp\/v2\/pages\/13763","targetHints":{"allow":["GET"]}}],"collection":[{"href":"\/index.php\/wp-json\/wp\/v2\/pages"}],"about":[{"href":"\/index.php\/wp-json\/wp\/v2\/types\/page"}],"author":[{"embeddable":true,"href":"\/index.php\/wp-json\/wp\/v2\/users\/4"}],"replies":[{"embeddable":true,"href":"\/index.php\/wp-json\/wp\/v2\/comments?post=13763"}],"version-history":[{"count":4,"href":"\/index.php\/wp-json\/wp\/v2\/pages\/13763\/revisions"}],"predecessor-version":[{"id":13768,"href":"\/index.php\/wp-json\/wp\/v2\/pages\/13763\/revisions\/13768"}],"wp:attachment":[{"href":"\/index.php\/wp-json\/wp\/v2\/media?parent=13763"}],"curies":[{"name":"wp","href":"https:\/\/api.w.org\/{rel}","templated":true}]}}