{"id":13568,"date":"2022-04-19T14:29:50","date_gmt":"2022-04-19T13:29:50","guid":{"rendered":"\/?page_id=13568"},"modified":"2022-04-19T14:32:10","modified_gmt":"2022-04-19T13:32:10","slug":"2022-2023-tanevi-tankonyvrendelo-5-13-a-kereskedo","status":"publish","type":"page","link":"\/index.php\/2022-2023-tanevi-tankonyvrendelo-5-13-a-kereskedo\/","title":{"rendered":"2022\/2023. tan\u00e9vi tank\u00f6nyvrendel\u0151 \u2013 5.13.A &#8211; Keresked\u0151"},"content":{"rendered":"\t\t<div data-elementor-type=\"wp-page\" data-elementor-id=\"13568\" class=\"elementor elementor-13568\" data-elementor-post-type=\"page\">\n\t\t\t\t\t\t<section class=\"elementor-section elementor-top-section elementor-element elementor-element-09ae16e elementor-section-boxed elementor-section-height-default elementor-section-height-default\" data-id=\"09ae16e\" data-element_type=\"section\" data-e-type=\"section\">\n\t\t\t\t\t\t<div class=\"elementor-container elementor-column-gap-default\">\n\t\t\t\t\t<div class=\"elementor-column elementor-col-100 elementor-top-column elementor-element elementor-element-80b26a4\" data-id=\"80b26a4\" data-element_type=\"column\" data-e-type=\"column\">\n\t\t\t<div class=\"elementor-widget-wrap elementor-element-populated\">\n\t\t\t\t\t\t<div class=\"elementor-element elementor-element-a686b05 elementor-widget elementor-widget-spacer\" data-id=\"a686b05\" data-element_type=\"widget\" data-e-type=\"widget\" data-widget_type=\"spacer.default\">\n\t\t\t\t<div class=\"elementor-widget-container\">\n\t\t\t\t\t\t\t<div class=\"elementor-spacer\">\n\t\t\t<div class=\"elementor-spacer-inner\"><\/div>\n\t\t<\/div>\n\t\t\t\t\t\t<\/div>\n\t\t\t\t<\/div>\n\t\t\t\t\t<\/div>\n\t\t<\/div>\n\t\t\t\t\t<\/div>\n\t\t<\/section>\n\t\t\t\t<section class=\"elementor-section elementor-top-section elementor-element elementor-element-6a3c549 elementor-section-boxed elementor-section-height-default elementor-section-height-default\" data-id=\"6a3c549\" data-element_type=\"section\" data-e-type=\"section\">\n\t\t\t\t\t\t<div class=\"elementor-container elementor-column-gap-default\">\n\t\t\t\t\t<div class=\"elementor-column elementor-col-100 elementor-top-column elementor-element elementor-element-2f337dc\" data-id=\"2f337dc\" data-element_type=\"column\" data-e-type=\"column\">\n\t\t\t<div class=\"elementor-widget-wrap elementor-element-populated\">\n\t\t\t\t\t\t<div class=\"elementor-element elementor-element-6501724 elementor-widget elementor-widget-heading\" data-id=\"6501724\" data-element_type=\"widget\" data-e-type=\"widget\" data-widget_type=\"heading.default\">\n\t\t\t\t<div class=\"elementor-widget-container\">\n\t\t\t\t\t<h2 class=\"elementor-heading-title elementor-size-default\"><section data-id=\"6d5206f\" data-element_type=\"section\" style=\", sans-serif;font-size: 15px;white-space: normal\"><div><div style=\"width: 629.983px\"><div data-id=\"f66fc22\" data-element_type=\"column\" style=\"width: 629.983px\"><div style=\"width: 629.983px\"><div style=\"width: 609.983px\"><div data-id=\"2f68f36\" data-element_type=\"widget\" data-widget_type=\"heading.default\" style=\"width: 609.983px\"><div><h2><section data-id=\"bead540\" data-element_type=\"section\" style=\", sans-serif;font-size: 15px\"><div style=\"width: 629.983px\"><div data-id=\"f9abd1f\" data-element_type=\"column\" style=\"width: 629.983px\"><div style=\"width: 629.983px\"><div style=\"width: 609.983px\"><div data-id=\"1649d62\" data-element_type=\"widget\" data-widget_type=\"heading.default\" style=\"width: 609.983px;text-align: center\"><h5 style=\"font-family: Alegreya, sans-serif\">K\u00e9rj\u00fck, hogy az al\u00e1bbi \u0171rlapon kiz\u00e1r\u00f3lag a val\u00f3s\u00e1gnak megfelel\u0151 adatokat legyen sz\u00edves megadni!<\/h5><\/div><\/div><\/div><\/div><\/div><\/section><\/h2><\/div><\/div><\/div><\/div><\/div><\/div><\/div><\/section><\/h2>\t\t\t\t<\/div>\n\t\t\t\t<\/div>\n\t\t\t\t\t<\/div>\n\t\t<\/div>\n\t\t\t\t\t<\/div>\n\t\t<\/section>\n\t\t\t\t<section class=\"elementor-section elementor-top-section elementor-element elementor-element-ac8be3c elementor-section-boxed elementor-section-height-default elementor-section-height-default\" data-id=\"ac8be3c\" data-element_type=\"section\" data-e-type=\"section\">\n\t\t\t\t\t\t<div class=\"elementor-container elementor-column-gap-default\">\n\t\t\t\t\t<div class=\"elementor-column elementor-col-100 elementor-top-column elementor-element elementor-element-4e9c210\" data-id=\"4e9c210\" data-element_type=\"column\" data-e-type=\"column\">\n\t\t\t<div class=\"elementor-widget-wrap elementor-element-populated\">\n\t\t\t\t\t\t<div class=\"elementor-element elementor-element-e8e75c1 elementor-widget elementor-widget-heading\" data-id=\"e8e75c1\" data-element_type=\"widget\" data-e-type=\"widget\" data-widget_type=\"heading.default\">\n\t\t\t\t<div class=\"elementor-widget-container\">\n\t\t\t\t\t<h2 class=\"elementor-heading-title elementor-size-default\"><section data-id=\"74fe995\" data-element_type=\"section\"><div><div style=\"width: 629.983px\"><div data-id=\"d6f2131\" data-element_type=\"column\" style=\"width: 629.983px\"><div style=\"width: 629.983px\"><div style=\"width: 609.983px\"><div data-id=\"4147d5c\" data-element_type=\"widget\" data-widget_type=\"heading.default\" style=\"width: 609.983px\"><div><h2><section data-id=\"d322742\" data-element_type=\"section\" style=\", sans-serif;font-size: 15px;white-space: normal\"><div style=\"width: 629.983px\"><div data-id=\"8c25c10\" data-element_type=\"column\" style=\"width: 629.983px\"><div style=\"width: 629.983px\"><div style=\"width: 609.983px\"><div data-id=\"65d9c89\" data-element_type=\"widget\" data-widget_type=\"heading.default\" style=\"width: 609.983px;text-align: center\"><h5 style=\"font-family: Alegreya, sans-serif\">K\u00f6sz\u00f6nj\u00fck!<\/h5><\/div><\/div><\/div><\/div><\/div><\/section><\/h2><\/div><\/div><\/div><\/div><\/div><\/div><\/div><\/section><\/h2>\t\t\t\t<\/div>\n\t\t\t\t<\/div>\n\t\t\t\t\t<\/div>\n\t\t<\/div>\n\t\t\t\t\t<\/div>\n\t\t<\/section>\n\t\t\t\t<section class=\"elementor-section elementor-top-section elementor-element elementor-element-34ac792 elementor-section-boxed elementor-section-height-default elementor-section-height-default\" data-id=\"34ac792\" data-element_type=\"section\" data-e-type=\"section\">\n\t\t\t\t\t\t<div class=\"elementor-container elementor-column-gap-default\">\n\t\t\t\t\t<div class=\"elementor-column elementor-col-100 elementor-top-column elementor-element elementor-element-a1cbbaf\" data-id=\"a1cbbaf\" data-element_type=\"column\" data-e-type=\"column\">\n\t\t\t<div class=\"elementor-widget-wrap elementor-element-populated\">\n\t\t\t\t\t\t<div class=\"elementor-element elementor-element-567d098 elementor-widget elementor-widget-text-editor\" data-id=\"567d098\" data-element_type=\"widget\" data-e-type=\"widget\" data-widget_type=\"text-editor.default\">\n\t\t\t\t<div class=\"elementor-widget-container\">\n\t\t\t\t\t\t\t\t\tNo such form exists in Database.\t\t\t\t\t\t\t\t<\/div>\n\t\t\t\t<\/div>\n\t\t\t\t\t<\/div>\n\t\t<\/div>\n\t\t\t\t\t<\/div>\n\t\t<\/section>\n\t\t\t\t<\/div>\n\t\t","protected":false},"excerpt":{"rendered":"<p>K\u00e9rj\u00fck, hogy az al\u00e1bbi \u0171rlapon kiz\u00e1r\u00f3lag a val\u00f3s\u00e1gnak megfelel\u0151 adatokat legyen sz\u00edves megadni! K\u00f6sz\u00f6nj\u00fck!<\/p>\n","protected":false},"author":4,"featured_media":0,"parent":0,"menu_order":0,"comment_status":"closed","ping_status":"closed","template":"","meta":{"footnotes":""},"class_list":["post-13568","page","type-page","status-publish","hentry"],"_links":{"self":[{"href":"\/index.php\/wp-json\/wp\/v2\/pages\/13568","targetHints":{"allow":["GET"]}}],"collection":[{"href":"\/index.php\/wp-json\/wp\/v2\/pages"}],"about":[{"href":"\/index.php\/wp-json\/wp\/v2\/types\/page"}],"author":[{"embeddable":true,"href":"\/index.php\/wp-json\/wp\/v2\/users\/4"}],"replies":[{"embeddable":true,"href":"\/index.php\/wp-json\/wp\/v2\/comments?post=13568"}],"version-history":[{"count":4,"href":"\/index.php\/wp-json\/wp\/v2\/pages\/13568\/revisions"}],"predecessor-version":[{"id":13574,"href":"\/index.php\/wp-json\/wp\/v2\/pages\/13568\/revisions\/13574"}],"wp:attachment":[{"href":"\/index.php\/wp-json\/wp\/v2\/media?parent=13568"}],"curies":[{"name":"wp","href":"https:\/\/api.w.org\/{rel}","templated":true}]}}