{"id":13255,"date":"2022-04-19T11:41:36","date_gmt":"2022-04-19T10:41:36","guid":{"rendered":"\/?page_id=13255"},"modified":"2024-04-11T14:27:50","modified_gmt":"2024-04-11T13:27:50","slug":"2022-2023-tanevi-tankonyvrendelo-9-evfolyam-cukrasz-szaktechnikus","status":"publish","type":"page","link":"\/index.php\/2022-2023-tanevi-tankonyvrendelo-9-evfolyam-cukrasz-szaktechnikus\/","title":{"rendered":"2023\/2024. tan\u00e9vi tank\u00f6nyvrendel\u0151 \u2013 9. \u00e9vfolyam &#8211; Cukr\u00e1sz szaktechnikus"},"content":{"rendered":"\t\t<div data-elementor-type=\"wp-page\" data-elementor-id=\"13255\" class=\"elementor elementor-13255\" data-elementor-post-type=\"page\">\n\t\t\t\t\t\t<section class=\"elementor-section elementor-top-section elementor-element elementor-element-33334d3 elementor-section-boxed elementor-section-height-default elementor-section-height-default\" data-id=\"33334d3\" data-element_type=\"section\" data-e-type=\"section\">\n\t\t\t\t\t\t<div class=\"elementor-container elementor-column-gap-default\">\n\t\t\t\t\t<div class=\"elementor-column elementor-col-100 elementor-top-column elementor-element elementor-element-be707ed\" data-id=\"be707ed\" data-element_type=\"column\" data-e-type=\"column\">\n\t\t\t<div class=\"elementor-widget-wrap elementor-element-populated\">\n\t\t\t\t\t\t<div class=\"elementor-element elementor-element-e79f86d elementor-widget elementor-widget-spacer\" data-id=\"e79f86d\" data-element_type=\"widget\" data-e-type=\"widget\" data-widget_type=\"spacer.default\">\n\t\t\t\t<div class=\"elementor-widget-container\">\n\t\t\t\t\t\t\t<div class=\"elementor-spacer\">\n\t\t\t<div class=\"elementor-spacer-inner\"><\/div>\n\t\t<\/div>\n\t\t\t\t\t\t<\/div>\n\t\t\t\t<\/div>\n\t\t\t\t\t<\/div>\n\t\t<\/div>\n\t\t\t\t\t<\/div>\n\t\t<\/section>\n\t\t\t\t<section class=\"elementor-section elementor-top-section elementor-element elementor-element-f314355 elementor-section-boxed elementor-section-height-default elementor-section-height-default\" data-id=\"f314355\" data-element_type=\"section\" data-e-type=\"section\">\n\t\t\t\t\t\t<div class=\"elementor-container elementor-column-gap-default\">\n\t\t\t\t\t<div class=\"elementor-column elementor-col-100 elementor-top-column elementor-element elementor-element-86dad32\" data-id=\"86dad32\" data-element_type=\"column\" data-e-type=\"column\">\n\t\t\t<div class=\"elementor-widget-wrap elementor-element-populated\">\n\t\t\t\t\t\t<div class=\"elementor-element elementor-element-4d38a07 elementor-widget elementor-widget-heading\" data-id=\"4d38a07\" data-element_type=\"widget\" data-e-type=\"widget\" data-widget_type=\"heading.default\">\n\t\t\t\t<div class=\"elementor-widget-container\">\n\t\t\t\t\t<h2 class=\"elementor-heading-title elementor-size-default\"><section data-id=\"bead540\" data-element_type=\"section\" style=\", sans-serif;font-size: 15px;white-space: normal\"><div><div style=\"width: 629.983px\"><div data-id=\"f9abd1f\" data-element_type=\"column\" style=\"width: 629.983px\"><div style=\"width: 629.983px\"><div style=\"width: 609.983px\"><div data-id=\"1649d62\" data-element_type=\"widget\" data-widget_type=\"heading.default\" style=\"width: 609.983px;text-align: center\"><div><h5 style=\"font-family: Alegreya, sans-serif\">K\u00e9rj\u00fck, hogy az al\u00e1bbi \u0171rlapon kiz\u00e1r\u00f3lag a val\u00f3s\u00e1gnak megfelel\u0151 adatokat legyen sz\u00edves megadni!<\/h5><\/div><\/div><\/div><\/div><\/div><\/div><\/div><\/section><\/h2>\t\t\t\t<\/div>\n\t\t\t\t<\/div>\n\t\t\t\t\t<\/div>\n\t\t<\/div>\n\t\t\t\t\t<\/div>\n\t\t<\/section>\n\t\t\t\t<section class=\"elementor-section elementor-top-section elementor-element elementor-element-7bd8b96 elementor-section-boxed elementor-section-height-default elementor-section-height-default\" data-id=\"7bd8b96\" data-element_type=\"section\" data-e-type=\"section\">\n\t\t\t\t\t\t<div class=\"elementor-container elementor-column-gap-default\">\n\t\t\t\t\t<div class=\"elementor-column elementor-col-100 elementor-top-column elementor-element elementor-element-fa09599\" data-id=\"fa09599\" data-element_type=\"column\" data-e-type=\"column\">\n\t\t\t<div class=\"elementor-widget-wrap elementor-element-populated\">\n\t\t\t\t\t\t<div class=\"elementor-element elementor-element-e9e274d elementor-widget elementor-widget-heading\" data-id=\"e9e274d\" data-element_type=\"widget\" data-e-type=\"widget\" data-widget_type=\"heading.default\">\n\t\t\t\t<div class=\"elementor-widget-container\">\n\t\t\t\t\t<h2 class=\"elementor-heading-title elementor-size-default\"><section data-id=\"d322742\" data-element_type=\"section\" style=\", sans-serif;font-size: 15px;white-space: normal\"><div><div style=\"width: 629.983px\"><div data-id=\"8c25c10\" data-element_type=\"column\" style=\"width: 629.983px\"><div style=\"width: 629.983px\"><div style=\"width: 609.983px\"><div data-id=\"65d9c89\" data-element_type=\"widget\" data-widget_type=\"heading.default\" style=\"width: 609.983px;text-align: center\"><div><h5 style=\"font-family: Alegreya, sans-serif\">K\u00f6sz\u00f6nj\u00fck!<\/h5><\/div><\/div><\/div><\/div><\/div><\/div><\/div><\/section><\/h2>\t\t\t\t<\/div>\n\t\t\t\t<\/div>\n\t\t\t\t\t<\/div>\n\t\t<\/div>\n\t\t\t\t\t<\/div>\n\t\t<\/section>\n\t\t\t\t<\/div>\n\t\t","protected":false},"excerpt":{"rendered":"<p>K\u00e9rj\u00fck, hogy az al\u00e1bbi \u0171rlapon kiz\u00e1r\u00f3lag a val\u00f3s\u00e1gnak megfelel\u0151 adatokat legyen sz\u00edves megadni! K\u00f6sz\u00f6nj\u00fck!<\/p>\n","protected":false},"author":4,"featured_media":0,"parent":0,"menu_order":0,"comment_status":"closed","ping_status":"closed","template":"","meta":{"footnotes":""},"class_list":["post-13255","page","type-page","status-publish","hentry"],"_links":{"self":[{"href":"\/index.php\/wp-json\/wp\/v2\/pages\/13255","targetHints":{"allow":["GET"]}}],"collection":[{"href":"\/index.php\/wp-json\/wp\/v2\/pages"}],"about":[{"href":"\/index.php\/wp-json\/wp\/v2\/types\/page"}],"author":[{"embeddable":true,"href":"\/index.php\/wp-json\/wp\/v2\/users\/4"}],"replies":[{"embeddable":true,"href":"\/index.php\/wp-json\/wp\/v2\/comments?post=13255"}],"version-history":[{"count":11,"href":"\/index.php\/wp-json\/wp\/v2\/pages\/13255\/revisions"}],"predecessor-version":[{"id":38136,"href":"\/index.php\/wp-json\/wp\/v2\/pages\/13255\/revisions\/38136"}],"wp:attachment":[{"href":"\/index.php\/wp-json\/wp\/v2\/media?parent=13255"}],"curies":[{"name":"wp","href":"https:\/\/api.w.org\/{rel}","templated":true}]}}