{"id":1177,"date":"2020-06-02T07:39:11","date_gmt":"2020-06-02T06:39:11","guid":{"rendered":"\/?page_id=1177"},"modified":"2020-06-02T08:29:33","modified_gmt":"2020-06-02T07:29:33","slug":"hatartalanul","status":"publish","type":"page","link":"\/index.php\/hatartalanul\/","title":{"rendered":"Hat\u00e1rtalanul!"},"content":{"rendered":"\t\t<div data-elementor-type=\"wp-page\" data-elementor-id=\"1177\" class=\"elementor elementor-1177\" data-elementor-post-type=\"page\">\n\t\t\t\t\t\t<section class=\"elementor-section elementor-top-section elementor-element elementor-element-12d09ae elementor-section-boxed elementor-section-height-default elementor-section-height-default\" data-id=\"12d09ae\" data-element_type=\"section\" data-e-type=\"section\">\n\t\t\t\t\t\t<div class=\"elementor-container elementor-column-gap-default\">\n\t\t\t\t\t<div class=\"elementor-column elementor-col-100 elementor-top-column elementor-element elementor-element-301765e\" data-id=\"301765e\" data-element_type=\"column\" data-e-type=\"column\">\n\t\t\t<div class=\"elementor-widget-wrap elementor-element-populated\">\n\t\t\t\t\t\t<div class=\"elementor-element elementor-element-e4f1078 elementor-widget elementor-widget-spacer\" data-id=\"e4f1078\" data-element_type=\"widget\" data-e-type=\"widget\" data-widget_type=\"spacer.default\">\n\t\t\t\t<div class=\"elementor-widget-container\">\n\t\t\t\t\t\t\t<div class=\"elementor-spacer\">\n\t\t\t<div class=\"elementor-spacer-inner\"><\/div>\n\t\t<\/div>\n\t\t\t\t\t\t<\/div>\n\t\t\t\t<\/div>\n\t\t\t\t\t<\/div>\n\t\t<\/div>\n\t\t\t\t\t<\/div>\n\t\t<\/section>\n\t\t\t\t<section class=\"elementor-section elementor-top-section elementor-element elementor-element-b1fffdb elementor-section-boxed elementor-section-height-default elementor-section-height-default\" data-id=\"b1fffdb\" data-element_type=\"section\" data-e-type=\"section\">\n\t\t\t\t\t\t<div class=\"elementor-container elementor-column-gap-default\">\n\t\t\t\t\t<div class=\"elementor-column elementor-col-100 elementor-top-column elementor-element elementor-element-c62772f\" data-id=\"c62772f\" data-element_type=\"column\" data-e-type=\"column\">\n\t\t\t<div class=\"elementor-widget-wrap elementor-element-populated\">\n\t\t\t\t\t\t<div class=\"elementor-element elementor-element-a3b3c9a elementor-widget elementor-widget-image\" data-id=\"a3b3c9a\" data-element_type=\"widget\" data-e-type=\"widget\" data-widget_type=\"image.default\">\n\t\t\t\t<div class=\"elementor-widget-container\">\n\t\t\t\t\t\t\t\t\t\t\t\t\t\t\t<img fetchpriority=\"high\" decoding=\"async\" width=\"640\" height=\"143\" src=\"\/wp-content\/uploads\/2020\/06\/megvalosult_a_magyar_kormany_tamogatasaval_bga_alap.jpg\" class=\"attachment-large size-large wp-image-1179\" alt=\"\" srcset=\"\/wp-content\/uploads\/2020\/06\/megvalosult_a_magyar_kormany_tamogatasaval_bga_alap.jpg 2244w, \/wp-content\/uploads\/2020\/06\/megvalosult_a_magyar_kormany_tamogatasaval_bga_alap-800x179.jpg 800w, \/wp-content\/uploads\/2020\/06\/megvalosult_a_magyar_kormany_tamogatasaval_bga_alap-768x171.jpg 768w, \/wp-content\/uploads\/2020\/06\/megvalosult_a_magyar_kormany_tamogatasaval_bga_alap-1536x343.jpg 1536w, \/wp-content\/uploads\/2020\/06\/megvalosult_a_magyar_kormany_tamogatasaval_bga_alap-2048x457.jpg 2048w\" sizes=\"(max-width: 640px) 100vw, 640px\" \/>\t\t\t\t\t\t\t\t\t\t\t\t\t\t\t<\/div>\n\t\t\t\t<\/div>\n\t\t\t\t\t<\/div>\n\t\t<\/div>\n\t\t\t\t\t<\/div>\n\t\t<\/section>\n\t\t\t\t<section class=\"elementor-section elementor-top-section elementor-element elementor-element-9d680a5 elementor-section-boxed elementor-section-height-default elementor-section-height-default\" data-id=\"9d680a5\" data-element_type=\"section\" data-e-type=\"section\">\n\t\t\t\t\t\t<div class=\"elementor-container elementor-column-gap-default\">\n\t\t\t\t\t<div class=\"elementor-column elementor-col-100 elementor-top-column elementor-element elementor-element-af80734\" data-id=\"af80734\" data-element_type=\"column\" data-e-type=\"column\">\n\t\t\t<div class=\"elementor-widget-wrap elementor-element-populated\">\n\t\t\t\t\t\t<div class=\"elementor-element elementor-element-deacb7d elementor-widget elementor-widget-spacer\" data-id=\"deacb7d\" data-element_type=\"widget\" data-e-type=\"widget\" data-widget_type=\"spacer.default\">\n\t\t\t\t<div class=\"elementor-widget-container\">\n\t\t\t\t\t\t\t<div class=\"elementor-spacer\">\n\t\t\t<div class=\"elementor-spacer-inner\"><\/div>\n\t\t<\/div>\n\t\t\t\t\t\t<\/div>\n\t\t\t\t<\/div>\n\t\t\t\t\t<\/div>\n\t\t<\/div>\n\t\t\t\t\t<\/div>\n\t\t<\/section>\n\t\t\t\t<section class=\"elementor-section elementor-top-section elementor-element elementor-element-c41157a elementor-section-boxed elementor-section-height-default elementor-section-height-default\" data-id=\"c41157a\" data-element_type=\"section\" data-e-type=\"section\">\n\t\t\t\t\t\t<div class=\"elementor-container elementor-column-gap-default\">\n\t\t\t\t\t<div class=\"elementor-column elementor-col-100 elementor-top-column elementor-element elementor-element-2377a43\" data-id=\"2377a43\" data-element_type=\"column\" data-e-type=\"column\">\n\t\t\t<div class=\"elementor-widget-wrap elementor-element-populated\">\n\t\t\t\t\t\t<div class=\"elementor-element elementor-element-933ca6e elementor-widget elementor-widget-heading\" data-id=\"933ca6e\" data-element_type=\"widget\" data-e-type=\"widget\" data-widget_type=\"heading.default\">\n\t\t\t\t<div class=\"elementor-widget-container\">\n\t\t\t\t\t<h3 class=\"elementor-heading-title elementor-size-medium\">Hat\u00e1rtalanul! \u2013 Barangol\u00e1sok a Sz\u00e9kelyf\u00f6ld\u00f6n \u00e9s a D\u00e9l-Alf\u00f6ld\u00f6n<\/h3>\t\t\t\t<\/div>\n\t\t\t\t<\/div>\n\t\t\t\t\t<\/div>\n\t\t<\/div>\n\t\t\t\t\t<\/div>\n\t\t<\/section>\n\t\t\t\t<section class=\"elementor-section elementor-top-section elementor-element elementor-element-fe0a2b1 elementor-section-boxed elementor-section-height-default elementor-section-height-default\" data-id=\"fe0a2b1\" data-element_type=\"section\" data-e-type=\"section\">\n\t\t\t\t\t\t<div class=\"elementor-container elementor-column-gap-default\">\n\t\t\t\t\t<div class=\"elementor-column elementor-col-100 elementor-top-column elementor-element elementor-element-d95ee3f\" data-id=\"d95ee3f\" data-element_type=\"column\" data-e-type=\"column\">\n\t\t\t<div class=\"elementor-widget-wrap elementor-element-populated\">\n\t\t\t\t\t\t<div class=\"elementor-element elementor-element-aee2231 elementor-widget elementor-widget-spacer\" data-id=\"aee2231\" data-element_type=\"widget\" data-e-type=\"widget\" data-widget_type=\"spacer.default\">\n\t\t\t\t<div class=\"elementor-widget-container\">\n\t\t\t\t\t\t\t<div class=\"elementor-spacer\">\n\t\t\t<div class=\"elementor-spacer-inner\"><\/div>\n\t\t<\/div>\n\t\t\t\t\t\t<\/div>\n\t\t\t\t<\/div>\n\t\t\t\t\t<\/div>\n\t\t<\/div>\n\t\t\t\t\t<\/div>\n\t\t<\/section>\n\t\t\t\t<section class=\"elementor-section elementor-top-section elementor-element elementor-element-f54b57c elementor-section-boxed elementor-section-height-default elementor-section-height-default\" data-id=\"f54b57c\" data-element_type=\"section\" data-e-type=\"section\">\n\t\t\t\t\t\t<div class=\"elementor-container elementor-column-gap-default\">\n\t\t\t\t\t<div class=\"elementor-column elementor-col-100 elementor-top-column elementor-element elementor-element-e477b85\" data-id=\"e477b85\" data-element_type=\"column\" data-e-type=\"column\">\n\t\t\t<div class=\"elementor-widget-wrap elementor-element-populated\">\n\t\t\t\t\t\t<div class=\"elementor-element elementor-element-11f15e0 elementor-widget elementor-widget-text-editor\" data-id=\"11f15e0\" data-element_type=\"widget\" data-e-type=\"widget\" data-widget_type=\"text-editor.default\">\n\t\t\t\t<div class=\"elementor-widget-container\">\n\t\t\t\t\t\t\t\t\t<p>2018 tavasz\u00e1n iskol\u00e1nk a sz\u00e9kelyudvarhelyi B\u00e1nyai J\u00e1nos M\u0171szaki Szakk\u00f6z\u00e9piskol\u00e1val k\u00f6z\u00f6sen sikeresen p\u00e1ly\u00e1zott a Magyar Korm\u00e1ny \u00e1ltal t\u00e1mogatott \u00e9s a Bethlen G\u00e1bor Alapkezel\u0151 Zrt. \u00e1ltal meghirdetett Hat\u00e1rtalanul! program p\u00e1ly\u00e1zati felh\u00edv\u00e1s\u00e1ra \u201eBarangol\u00e1sok a Sz\u00e9kelyf\u00f6ld\u00f6n \u00e9s a D\u00e9l-Alf\u00f6ld\u00f6n\u201d c\u00edm\u0171 projektj\u00e9vel.<\/p>\n<p>A p\u00e1ly\u00e1zatban negyven anyaorsz\u00e1gi \u00e9s negyven hat\u00e1ron t\u00fali tanul\u00f3, valamint k\u00eds\u00e9r\u0151tan\u00e1raik \u00f6tnapos erd\u00e9lyi, illetve anyaorsz\u00e1gi\u00a0kir\u00e1ndul\u00e1s\u00e1ra ker\u00fclt sor 2019 tavasz\u00e1n.\u00a0A projekt\u00a0els\u0151dleges c\u00e9lja a Sz\u00e9kelyf\u00f6ld, illetve a D\u00e9l-Alf\u00f6ld term\u00e9szeti kincseinek, \u00e9p\u00edtett \u00f6r\u00f6ks\u00e9g\u00e9nek, nemzeti eml\u00e9khelyeink megismer\u00e9se \u00e9s n\u00e9pszer\u0171s\u00edt\u00e9se, valamint a nemzeti identit\u00e1s megszil\u00e1rd\u00edt\u00e1sa volt.<\/p>\n<p>Iskol\u00e1nk tanul\u00f3i nemcsak rengeteg \u00e9lm\u00e9nnyel \u00e9s sok \u00faj bar\u00e1ts\u00e1ggal gazdagodva z\u00e1rt\u00e1k a Hat\u00e1rtalanul! projektet, hanem megtapasztalhatt\u00e1k a k\u00f6z\u00f6s nyelv, a k\u00f6z\u00f6s kult\u00fara \u00e9s a k\u00f6z\u00f6s t\u00f6rt\u00e9nelem \u00f6sszetart\u00f3 erej\u00e9t is.<\/p>\t\t\t\t\t\t\t\t<\/div>\n\t\t\t\t<\/div>\n\t\t\t\t\t<\/div>\n\t\t<\/div>\n\t\t\t\t\t<\/div>\n\t\t<\/section>\n\t\t\t\t<section class=\"elementor-section elementor-top-section elementor-element elementor-element-24991ac elementor-section-boxed elementor-section-height-default elementor-section-height-default\" data-id=\"24991ac\" data-element_type=\"section\" data-e-type=\"section\">\n\t\t\t\t\t\t<div class=\"elementor-container elementor-column-gap-default\">\n\t\t\t\t\t<div class=\"elementor-column elementor-col-100 elementor-top-column elementor-element elementor-element-1c33aa4\" data-id=\"1c33aa4\" data-element_type=\"column\" data-e-type=\"column\">\n\t\t\t<div class=\"elementor-widget-wrap elementor-element-populated\">\n\t\t\t\t\t\t<div class=\"elementor-element elementor-element-bdb9050 elementor-widget elementor-widget-spacer\" data-id=\"bdb9050\" data-element_type=\"widget\" data-e-type=\"widget\" data-widget_type=\"spacer.default\">\n\t\t\t\t<div class=\"elementor-widget-container\">\n\t\t\t\t\t\t\t<div class=\"elementor-spacer\">\n\t\t\t<div class=\"elementor-spacer-inner\"><\/div>\n\t\t<\/div>\n\t\t\t\t\t\t<\/div>\n\t\t\t\t<\/div>\n\t\t\t\t\t<\/div>\n\t\t<\/div>\n\t\t\t\t\t<\/div>\n\t\t<\/section>\n\t\t\t\t<section class=\"elementor-section elementor-top-section elementor-element elementor-element-6443332 elementor-section-boxed elementor-section-height-default elementor-section-height-default\" data-id=\"6443332\" data-element_type=\"section\" data-e-type=\"section\">\n\t\t\t\t\t\t<div class=\"elementor-container elementor-column-gap-default\">\n\t\t\t\t\t<div class=\"elementor-column elementor-col-50 elementor-top-column elementor-element elementor-element-66c5825\" data-id=\"66c5825\" data-element_type=\"column\" data-e-type=\"column\">\n\t\t\t<div class=\"elementor-widget-wrap elementor-element-populated\">\n\t\t\t\t\t\t<div class=\"elementor-element elementor-element-224da60 elementor-widget elementor-widget-heading\" data-id=\"224da60\" data-element_type=\"widget\" data-e-type=\"widget\" data-widget_type=\"heading.default\">\n\t\t\t\t<div class=\"elementor-widget-container\">\n\t\t\t\t\t<h5 class=\"elementor-heading-title elementor-size-default\">Sz\u00e9kelyf\u00f6ldi utaz\u00e1s<\/h5>\t\t\t\t<\/div>\n\t\t\t\t<\/div>\n\t\t\t\t\t<\/div>\n\t\t<\/div>\n\t\t\t\t<div class=\"elementor-column elementor-col-50 elementor-top-column elementor-element elementor-element-47908e8\" data-id=\"47908e8\" data-element_type=\"column\" data-e-type=\"column\">\n\t\t\t<div class=\"elementor-widget-wrap elementor-element-populated\">\n\t\t\t\t\t\t<div class=\"elementor-element elementor-element-13ceb0e elementor-align-center elementor-widget elementor-widget-button\" data-id=\"13ceb0e\" data-element_type=\"widget\" data-e-type=\"widget\" data-widget_type=\"button.default\">\n\t\t\t\t<div class=\"elementor-widget-container\">\n\t\t\t\t\t\t\t\t\t<div class=\"elementor-button-wrapper\">\n\t\t\t\t\t<a class=\"elementor-button elementor-button-link elementor-size-lg\" href=\"\/index.php\/barangolasok-a-szekelyfoldon\/\">\n\t\t\t\t\t\t<span class=\"elementor-button-content-wrapper\">\n\t\t\t\t\t\t\t\t\t<span class=\"elementor-button-text\">Megn\u00e9zem<\/span>\n\t\t\t\t\t<\/span>\n\t\t\t\t\t<\/a>\n\t\t\t\t<\/div>\n\t\t\t\t\t\t\t\t<\/div>\n\t\t\t\t<\/div>\n\t\t\t\t\t<\/div>\n\t\t<\/div>\n\t\t\t\t\t<\/div>\n\t\t<\/section>\n\t\t\t\t<section class=\"elementor-section elementor-top-section elementor-element elementor-element-613e196 elementor-section-boxed elementor-section-height-default elementor-section-height-default\" data-id=\"613e196\" data-element_type=\"section\" data-e-type=\"section\">\n\t\t\t\t\t\t<div class=\"elementor-container elementor-column-gap-default\">\n\t\t\t\t\t<div class=\"elementor-column elementor-col-100 elementor-top-column elementor-element elementor-element-4a01e19\" data-id=\"4a01e19\" data-element_type=\"column\" data-e-type=\"column\">\n\t\t\t<div class=\"elementor-widget-wrap elementor-element-populated\">\n\t\t\t\t\t\t<div class=\"elementor-element elementor-element-c37d63d elementor-widget elementor-widget-spacer\" data-id=\"c37d63d\" data-element_type=\"widget\" data-e-type=\"widget\" data-widget_type=\"spacer.default\">\n\t\t\t\t<div class=\"elementor-widget-container\">\n\t\t\t\t\t\t\t<div class=\"elementor-spacer\">\n\t\t\t<div class=\"elementor-spacer-inner\"><\/div>\n\t\t<\/div>\n\t\t\t\t\t\t<\/div>\n\t\t\t\t<\/div>\n\t\t\t\t\t<\/div>\n\t\t<\/div>\n\t\t\t\t\t<\/div>\n\t\t<\/section>\n\t\t\t\t<section class=\"elementor-section elementor-top-section elementor-element elementor-element-adf7aeb elementor-section-boxed elementor-section-height-default elementor-section-height-default\" data-id=\"adf7aeb\" data-element_type=\"section\" data-e-type=\"section\">\n\t\t\t\t\t\t<div class=\"elementor-container elementor-column-gap-default\">\n\t\t\t\t\t<div class=\"elementor-column elementor-col-50 elementor-top-column elementor-element elementor-element-bead760\" data-id=\"bead760\" data-element_type=\"column\" data-e-type=\"column\">\n\t\t\t<div class=\"elementor-widget-wrap elementor-element-populated\">\n\t\t\t\t\t\t<div class=\"elementor-element elementor-element-db44e47 elementor-widget elementor-widget-heading\" data-id=\"db44e47\" data-element_type=\"widget\" data-e-type=\"widget\" data-widget_type=\"heading.default\">\n\t\t\t\t<div class=\"elementor-widget-container\">\n\t\t\t\t\t<h5 class=\"elementor-heading-title elementor-size-default\">D\u00e9l-alf\u00f6ldi utaz\u00e1s<\/h5>\t\t\t\t<\/div>\n\t\t\t\t<\/div>\n\t\t\t\t\t<\/div>\n\t\t<\/div>\n\t\t\t\t<div class=\"elementor-column elementor-col-50 elementor-top-column elementor-element elementor-element-5fb9589\" data-id=\"5fb9589\" data-element_type=\"column\" data-e-type=\"column\">\n\t\t\t<div class=\"elementor-widget-wrap elementor-element-populated\">\n\t\t\t\t\t\t<div class=\"elementor-element elementor-element-d5b2b8a elementor-align-center elementor-widget elementor-widget-button\" data-id=\"d5b2b8a\" data-element_type=\"widget\" data-e-type=\"widget\" data-widget_type=\"button.default\">\n\t\t\t\t<div class=\"elementor-widget-container\">\n\t\t\t\t\t\t\t\t\t<div class=\"elementor-button-wrapper\">\n\t\t\t\t\t<a class=\"elementor-button elementor-button-link elementor-size-lg\" href=\"\/index.php\/barangolasok-a-del-alfoldon\/\">\n\t\t\t\t\t\t<span class=\"elementor-button-content-wrapper\">\n\t\t\t\t\t\t\t\t\t<span class=\"elementor-button-text\">Megn\u00e9zem<\/span>\n\t\t\t\t\t<\/span>\n\t\t\t\t\t<\/a>\n\t\t\t\t<\/div>\n\t\t\t\t\t\t\t\t<\/div>\n\t\t\t\t<\/div>\n\t\t\t\t\t<\/div>\n\t\t<\/div>\n\t\t\t\t\t<\/div>\n\t\t<\/section>\n\t\t\t\t<section class=\"elementor-section elementor-top-section elementor-element elementor-element-0686934 elementor-section-boxed elementor-section-height-default elementor-section-height-default\" data-id=\"0686934\" data-element_type=\"section\" data-e-type=\"section\">\n\t\t\t\t\t\t<div class=\"elementor-container elementor-column-gap-default\">\n\t\t\t\t\t<div class=\"elementor-column elementor-col-100 elementor-top-column elementor-element elementor-element-b689ea1\" data-id=\"b689ea1\" data-element_type=\"column\" data-e-type=\"column\">\n\t\t\t<div class=\"elementor-widget-wrap elementor-element-populated\">\n\t\t\t\t\t\t<div class=\"elementor-element elementor-element-d180cec elementor-widget elementor-widget-spacer\" data-id=\"d180cec\" data-element_type=\"widget\" data-e-type=\"widget\" data-widget_type=\"spacer.default\">\n\t\t\t\t<div class=\"elementor-widget-container\">\n\t\t\t\t\t\t\t<div class=\"elementor-spacer\">\n\t\t\t<div class=\"elementor-spacer-inner\"><\/div>\n\t\t<\/div>\n\t\t\t\t\t\t<\/div>\n\t\t\t\t<\/div>\n\t\t\t\t\t<\/div>\n\t\t<\/div>\n\t\t\t\t\t<\/div>\n\t\t<\/section>\n\t\t\t\t<section class=\"elementor-section elementor-top-section elementor-element elementor-element-c145f79 elementor-section-boxed elementor-section-height-default elementor-section-height-default\" data-id=\"c145f79\" data-element_type=\"section\" data-e-type=\"section\">\n\t\t\t\t\t\t<div class=\"elementor-container elementor-column-gap-default\">\n\t\t\t\t\t<div class=\"elementor-column elementor-col-100 elementor-top-column elementor-element elementor-element-5cc57e1\" data-id=\"5cc57e1\" data-element_type=\"column\" data-e-type=\"column\">\n\t\t\t<div class=\"elementor-widget-wrap elementor-element-populated\">\n\t\t\t\t\t\t<div class=\"elementor-element elementor-element-1867a30 elementor-widget elementor-widget-video\" data-id=\"1867a30\" data-element_type=\"widget\" data-e-type=\"widget\" data-settings=\"{&quot;youtube_url&quot;:&quot;https:\\\/\\\/youtu.be\\\/33AngioNU28&quot;,&quot;video_type&quot;:&quot;youtube&quot;,&quot;controls&quot;:&quot;yes&quot;}\" data-widget_type=\"video.default\">\n\t\t\t\t<div class=\"elementor-widget-container\">\n\t\t\t\t\t\t\t<div class=\"elementor-wrapper elementor-open-inline\">\n\t\t\t<div class=\"elementor-video\"><\/div>\t\t<\/div>\n\t\t\t\t\t\t<\/div>\n\t\t\t\t<\/div>\n\t\t\t\t\t<\/div>\n\t\t<\/div>\n\t\t\t\t\t<\/div>\n\t\t<\/section>\n\t\t\t\t<\/div>\n\t\t","protected":false},"excerpt":{"rendered":"<p>Hat\u00e1rtalanul! \u2013 Barangol\u00e1sok a Sz\u00e9kelyf\u00f6ld\u00f6n \u00e9s a D\u00e9l-Alf\u00f6ld\u00f6n 2018 tavasz\u00e1n iskol\u00e1nk a sz\u00e9kelyudvarhelyi B\u00e1nyai J\u00e1nos M\u0171szaki Szakk\u00f6z\u00e9piskol\u00e1val k\u00f6z\u00f6sen sikeresen p\u00e1ly\u00e1zott a Magyar Korm\u00e1ny \u00e1ltal t\u00e1mogatott \u00e9s a Bethlen G\u00e1bor Alapkezel\u0151 Zrt. \u00e1ltal meghirdetett Hat\u00e1rtalanul! program p\u00e1ly\u00e1zati felh\u00edv\u00e1s\u00e1ra \u201eBarangol\u00e1sok a Sz\u00e9kelyf\u00f6ld\u00f6n \u00e9s a D\u00e9l-Alf\u00f6ld\u00f6n\u201d c\u00edm\u0171 projektj\u00e9vel. A p\u00e1ly\u00e1zatban negyven anyaorsz\u00e1gi \u00e9s negyven hat\u00e1ron t\u00fali tanul\u00f3, valamint [&hellip;]<\/p>\n","protected":false},"author":4,"featured_media":0,"parent":0,"menu_order":0,"comment_status":"closed","ping_status":"closed","template":"","meta":{"footnotes":""},"class_list":["post-1177","page","type-page","status-publish","hentry"],"_links":{"self":[{"href":"\/index.php\/wp-json\/wp\/v2\/pages\/1177","targetHints":{"allow":["GET"]}}],"collection":[{"href":"\/index.php\/wp-json\/wp\/v2\/pages"}],"about":[{"href":"\/index.php\/wp-json\/wp\/v2\/types\/page"}],"author":[{"embeddable":true,"href":"\/index.php\/wp-json\/wp\/v2\/users\/4"}],"replies":[{"embeddable":true,"href":"\/index.php\/wp-json\/wp\/v2\/comments?post=1177"}],"version-history":[{"count":4,"href":"\/index.php\/wp-json\/wp\/v2\/pages\/1177\/revisions"}],"predecessor-version":[{"id":1233,"href":"\/index.php\/wp-json\/wp\/v2\/pages\/1177\/revisions\/1233"}],"wp:attachment":[{"href":"\/index.php\/wp-json\/wp\/v2\/media?parent=1177"}],"curies":[{"name":"wp","href":"https:\/\/api.w.org\/{rel}","templated":true}]}}