{"id":1146,"date":"2020-05-18T13:13:51","date_gmt":"2020-05-18T12:13:51","guid":{"rendered":"\/?page_id=1146"},"modified":"2020-07-14T14:11:46","modified_gmt":"2020-07-14T13:11:46","slug":"alapitvanyaink","status":"publish","type":"page","link":"\/index.php\/alapitvanyaink\/","title":{"rendered":"Alap\u00edtv\u00e1nyaink"},"content":{"rendered":"\t\t<div data-elementor-type=\"wp-page\" data-elementor-id=\"1146\" class=\"elementor elementor-1146\" data-elementor-post-type=\"page\">\n\t\t\t\t\t\t<section class=\"elementor-section elementor-top-section elementor-element elementor-element-0b138ef elementor-section-boxed elementor-section-height-default elementor-section-height-default\" data-id=\"0b138ef\" data-element_type=\"section\" data-e-type=\"section\">\n\t\t\t\t\t\t<div class=\"elementor-container elementor-column-gap-default\">\n\t\t\t\t\t<div class=\"elementor-column elementor-col-100 elementor-top-column elementor-element elementor-element-1611e28\" data-id=\"1611e28\" data-element_type=\"column\" data-e-type=\"column\">\n\t\t\t<div class=\"elementor-widget-wrap elementor-element-populated\">\n\t\t\t\t\t\t<div class=\"elementor-element elementor-element-7a8ffec elementor-widget elementor-widget-text-editor\" data-id=\"7a8ffec\" data-element_type=\"widget\" data-e-type=\"widget\" data-widget_type=\"text-editor.default\">\n\t\t\t\t<div class=\"elementor-widget-container\">\n\t\t\t\t\t\t\t\t\t<p><strong><u>Kereskedelmi, Vend\u00e9gl\u00e1t\u00f3ipari \u00e9s Idegenforgalmi Szakk\u00e9pz\u00e9si Alap\u00edtv\u00e1ny<\/u><\/strong><\/p>\n<p>KVISZA ad\u00f3sz\u00e1m: 19060923-1-04<\/p>\n<p>Banksz\u00e1mlasz\u00e1ma: K&amp;H Bank 10402609-26012393<\/p>\n<p>Az alap\u00edtv\u00e1ny c\u00e9ljai:<\/p>\t\t\t\t\t\t\t\t<\/div>\n\t\t\t\t<\/div>\n\t\t\t\t\t<\/div>\n\t\t<\/div>\n\t\t\t\t\t<\/div>\n\t\t<\/section>\n\t\t\t\t<section class=\"elementor-section elementor-top-section elementor-element elementor-element-60646e1 elementor-section-boxed elementor-section-height-default elementor-section-height-default\" data-id=\"60646e1\" data-element_type=\"section\" data-e-type=\"section\">\n\t\t\t\t\t\t<div class=\"elementor-container elementor-column-gap-default\">\n\t\t\t\t\t<div class=\"elementor-column elementor-col-100 elementor-top-column elementor-element elementor-element-5d23a68\" data-id=\"5d23a68\" data-element_type=\"column\" data-e-type=\"column\">\n\t\t\t<div class=\"elementor-widget-wrap elementor-element-populated\">\n\t\t\t\t\t\t<div class=\"elementor-element elementor-element-85c2557 elementor-widget elementor-widget-text-editor\" data-id=\"85c2557\" data-element_type=\"widget\" data-e-type=\"widget\" data-widget_type=\"text-editor.default\">\n\t\t\t\t<div class=\"elementor-widget-container\">\n\t\t\t\t\t\t\t\t\t<ul>\n<li>&nbsp; &nbsp; a szakk\u00e9pz\u00e9s elm\u00e9leti \u00e9s gyakorlati felt\u00e9teleinek jav\u00edt\u00e1sa, m\u0171szaki, technikai berendez\u00e9sek beszerz\u00e9se,<\/li>\n<li>&nbsp;&nbsp;&nbsp;&nbsp;nyelvtanul\u00e1s, k\u00fclf\u00f6ldi cserekapcsolatok ki\u00e9p\u00edt\u00e9s\u00e9nek seg\u00edt\u00e9se,<\/li>\n<li>&nbsp;&nbsp;&nbsp;&nbsp;szakmai \u00e9s tant\u00e1rgyi versenyek szervez\u00e9s\u00e9nek t\u00e1mogat\u00e1sa,<\/li>\n<li>&nbsp;&nbsp;&nbsp;&nbsp;kultur\u00e1lis \u00e9s szabadid\u0151s programok seg\u00edt\u00e9se,<\/li>\n<li>&nbsp;&nbsp;&nbsp;&nbsp;di\u00e1ksport versenyek \u00e9s a rendszeres testmozg\u00e1s t\u00e1mogat\u00e1sa,<\/li>\n<li>&nbsp;&nbsp;&nbsp;&nbsp;tanulm\u00e1nyi \u00f6szt\u00f6nd\u00edjak biztos\u00edt\u00e1sa kiemelked\u0151 k\u00e9pess\u00e9g\u0171 tanul\u00f3k sz\u00e1m\u00e1ra.&nbsp;<\/li>\n<\/ul>\t\t\t\t\t\t\t\t<\/div>\n\t\t\t\t<\/div>\n\t\t\t\t\t<\/div>\n\t\t<\/div>\n\t\t\t\t\t<\/div>\n\t\t<\/section>\n\t\t\t\t<section class=\"elementor-section elementor-top-section elementor-element elementor-element-75d7697 elementor-section-boxed elementor-section-height-default elementor-section-height-default\" data-id=\"75d7697\" data-element_type=\"section\" data-e-type=\"section\">\n\t\t\t\t\t\t<div class=\"elementor-container elementor-column-gap-default\">\n\t\t\t\t\t<div class=\"elementor-column elementor-col-100 elementor-top-column elementor-element elementor-element-9e551db\" data-id=\"9e551db\" data-element_type=\"column\" data-e-type=\"column\">\n\t\t\t<div class=\"elementor-widget-wrap elementor-element-populated\">\n\t\t\t\t\t\t<div class=\"elementor-element elementor-element-60f5c71 elementor-widget elementor-widget-text-editor\" data-id=\"60f5c71\" data-element_type=\"widget\" data-e-type=\"widget\" data-widget_type=\"text-editor.default\">\n\t\t\t\t<div class=\"elementor-widget-container\">\n\t\t\t\t\t\t\t\t\t<div><span style=\"color: #003b43; font-family: Alegreya; font-size: 18px; text-align: justify;\">El\u00e9rhet\u0151s\u00e9geink:<\/span><\/div>\n<p>5600 B\u00e9k\u00e9scsaba, Gyulai \u00fat 32.<\/p>\n<p><!-- \/wp:paragraph --><!-- wp:paragraph --><!-- \/wp:paragraph --><!-- wp:paragraph --><!-- \/wp:paragraph --><!-- wp:paragraph --><!-- \/wp:paragraph --><!-- wp:list --><!-- \/wp:list --><!-- wp:paragraph --><!-- \/wp:paragraph --><!-- wp:paragraph --><!-- \/wp:paragraph --><!-- wp:paragraph --><\/p>\n<p>kvisza.bcs@gmail.com<\/p>\t\t\t\t\t\t\t\t<\/div>\n\t\t\t\t<\/div>\n\t\t\t\t\t<\/div>\n\t\t<\/div>\n\t\t\t\t\t<\/div>\n\t\t<\/section>\n\t\t\t\t<section class=\"elementor-section elementor-top-section elementor-element elementor-element-63339d3 elementor-section-boxed elementor-section-height-default elementor-section-height-default\" data-id=\"63339d3\" data-element_type=\"section\" data-e-type=\"section\">\n\t\t\t\t\t\t<div class=\"elementor-container elementor-column-gap-default\">\n\t\t\t\t\t<div class=\"elementor-column elementor-col-100 elementor-top-column elementor-element elementor-element-8dab631\" data-id=\"8dab631\" data-element_type=\"column\" data-e-type=\"column\">\n\t\t\t<div class=\"elementor-widget-wrap elementor-element-populated\">\n\t\t\t\t\t\t<div class=\"elementor-element elementor-element-6cbbb70 elementor-widget elementor-widget-spacer\" data-id=\"6cbbb70\" data-element_type=\"widget\" data-e-type=\"widget\" data-widget_type=\"spacer.default\">\n\t\t\t\t<div class=\"elementor-widget-container\">\n\t\t\t\t\t\t\t<div class=\"elementor-spacer\">\n\t\t\t<div class=\"elementor-spacer-inner\"><\/div>\n\t\t<\/div>\n\t\t\t\t\t\t<\/div>\n\t\t\t\t<\/div>\n\t\t\t\t\t<\/div>\n\t\t<\/div>\n\t\t\t\t\t<\/div>\n\t\t<\/section>\n\t\t\t\t<section class=\"elementor-section elementor-top-section elementor-element elementor-element-170d2d1 elementor-section-boxed elementor-section-height-default elementor-section-height-default\" data-id=\"170d2d1\" data-element_type=\"section\" data-e-type=\"section\">\n\t\t\t\t\t\t<div class=\"elementor-container elementor-column-gap-default\">\n\t\t\t\t\t<div class=\"elementor-column elementor-col-100 elementor-top-column elementor-element elementor-element-8536f1b\" data-id=\"8536f1b\" data-element_type=\"column\" data-e-type=\"column\">\n\t\t\t<div class=\"elementor-widget-wrap elementor-element-populated\">\n\t\t\t\t\t\t<div class=\"elementor-element elementor-element-1730514 elementor-widget elementor-widget-text-editor\" data-id=\"1730514\" data-element_type=\"widget\" data-e-type=\"widget\" data-widget_type=\"text-editor.default\">\n\t\t\t\t<div class=\"elementor-widget-container\">\n\t\t\t\t\t\t\t\t\t<p><u><b>Alap\u00edtv\u00e1ny a Zwack J\u00f3zsef Kereskedelmi \u00e9s Vend\u00e9gl\u00e1t\u00f3ipari Tagiskola di\u00e1kk\u00f6z\u00f6ss\u00e9g\u00e9\u00e9rt, sport\u00e9let\u00e9\u00e9rt<\/b><\/u><\/p>\n<p>Az alap\u00edtv\u00e1ny ad\u00f3sz\u00e1ma: 18295122-1-04<\/p>\n<p>Banksz\u00e1mlasz\u00e1ma: 10918001-00000081-38380005<\/p>\n<p>Az alap\u00edtv\u00e1ny c\u00e9ljai:<\/p>\t\t\t\t\t\t\t\t<\/div>\n\t\t\t\t<\/div>\n\t\t\t\t\t<\/div>\n\t\t<\/div>\n\t\t\t\t\t<\/div>\n\t\t<\/section>\n\t\t\t\t<section class=\"elementor-section elementor-top-section elementor-element elementor-element-b805cfb elementor-section-boxed elementor-section-height-default elementor-section-height-default\" data-id=\"b805cfb\" data-element_type=\"section\" data-e-type=\"section\">\n\t\t\t\t\t\t<div class=\"elementor-container elementor-column-gap-default\">\n\t\t\t\t\t<div class=\"elementor-column elementor-col-100 elementor-top-column elementor-element elementor-element-79cc9fa\" data-id=\"79cc9fa\" data-element_type=\"column\" data-e-type=\"column\">\n\t\t\t<div class=\"elementor-widget-wrap elementor-element-populated\">\n\t\t\t\t\t\t<div class=\"elementor-element elementor-element-108b83a elementor-widget elementor-widget-text-editor\" data-id=\"108b83a\" data-element_type=\"widget\" data-e-type=\"widget\" data-widget_type=\"text-editor.default\">\n\t\t\t\t<div class=\"elementor-widget-container\">\n\t\t\t\t\t\t\t\t\t<ul>\n<li>A tagiskolai di\u00e1k\u00e9let esem\u00e9nyeinek gazdag\u00edt\u00e1sa, a di\u00e1kprogramok, az iskol\u00e1ban m\u0171k\u00f6d\u0151 di\u00e1k\u00f6nkorm\u00e1nyzat t\u00e1mogat\u00e1sa,<\/li>\n<li>di\u00e1kszervezetek, k\u00f6z\u00f6ss\u00e9gek, egyes\u00fcletek m\u0171k\u00f6d\u00e9si felt\u00e9teleinek jav\u00edt\u00e1sa, programjaik n\u00e9pszer\u0171s\u00edt\u00e9se,<\/li>\n<li>a tagiskol\u00e1ban folytatand\u00f3 gyermek- \u00e9s ifj\u00fas\u00e1gv\u00e9delmi tev\u00e9kenys\u00e9g t\u00e1mogat\u00e1sa,a szoci\u00e1lisan r\u00e1szorul\u00f3 di\u00e1kok seg\u00edt\u00e9se tov\u00e1bbtanul\u00e1suk eset\u00e9n,<\/li><li>a tagiskolai sport\u00e9let felt\u00e9teleinek fejleszt\u00e9se, sportprogramok \u00e9s rendezv\u00e9nyek t\u00e1mogat\u00e1sa, a tanul\u00f3k versenyeken val\u00f3 r\u00e9szv\u00e9tel\u00e9nek t\u00e1mogat\u00e1sa,<\/li>\n<li>a tagiskola di\u00e1kk\u00f6z\u00f6ss\u00e9gi, valamint sport\u00e9let\u00e9nek t\u00e1mogat\u00e1sa,<\/li>\n<li>hagyom\u00e1ny\u00e1pol\u00e1s, a n\u00e9vad\u00f3 eml\u00e9k\u00e9nek \u00e1pol\u00e1sa, tagiskolai hagyom\u00e1ny\u0151rz\u00e9s, n\u00e9vad\u00f3i szobor \u00e9s eml\u00e9km\u0171 l\u00e9trehoz\u00e1s t\u00e1mogat\u00e1sa.<\/li>\n<\/ul>\t\t\t\t\t\t\t\t<\/div>\n\t\t\t\t<\/div>\n\t\t\t\t\t<\/div>\n\t\t<\/div>\n\t\t\t\t\t<\/div>\n\t\t<\/section>\n\t\t\t\t<section class=\"elementor-section elementor-top-section elementor-element elementor-element-eb83761 elementor-section-boxed elementor-section-height-default elementor-section-height-default\" data-id=\"eb83761\" data-element_type=\"section\" data-e-type=\"section\">\n\t\t\t\t\t\t<div class=\"elementor-container elementor-column-gap-default\">\n\t\t\t\t\t<div class=\"elementor-column elementor-col-100 elementor-top-column elementor-element elementor-element-2ca8ad5\" data-id=\"2ca8ad5\" data-element_type=\"column\" data-e-type=\"column\">\n\t\t\t<div class=\"elementor-widget-wrap elementor-element-populated\">\n\t\t\t\t\t\t<div class=\"elementor-element elementor-element-5d05273 elementor-widget elementor-widget-text-editor\" data-id=\"5d05273\" data-element_type=\"widget\" data-e-type=\"widget\" data-widget_type=\"text-editor.default\">\n\t\t\t\t<div class=\"elementor-widget-container\">\n\t\t\t\t\t\t\t\t\t<div><span style=\"color: #003b43; font-family: Alegreya; font-size: 18px; text-align: justify;\">El\u00e9rhet\u0151s\u00e9g\u00fcnk:<\/span><\/div>\n<p>5600 B\u00e9k\u00e9scsaba, Gyulai \u00fat 32.<\/p>\n<p>\u00a0<\/p>\n<p>Az\u00a0alap\u00edtv\u00e1nyaink kedvezm\u00e9nyezettjei a B\u00e9k\u00e9scsabai SZC Zwack J\u00f3zsef Technikum \u00e9s Szakk\u00e9pz\u0151 Iskola tanul\u00f3i.<\/p>\t\t\t\t\t\t\t\t<\/div>\n\t\t\t\t<\/div>\n\t\t\t\t\t<\/div>\n\t\t<\/div>\n\t\t\t\t\t<\/div>\n\t\t<\/section>\n\t\t\t\t<section class=\"elementor-section elementor-top-section elementor-element elementor-element-36593f2 elementor-section-boxed elementor-section-height-default elementor-section-height-default\" data-id=\"36593f2\" data-element_type=\"section\" data-e-type=\"section\">\n\t\t\t\t\t\t<div class=\"elementor-container elementor-column-gap-default\">\n\t\t\t\t\t<div class=\"elementor-column elementor-col-100 elementor-top-column elementor-element elementor-element-dc1e349\" data-id=\"dc1e349\" data-element_type=\"column\" data-e-type=\"column\">\n\t\t\t<div class=\"elementor-widget-wrap elementor-element-populated\">\n\t\t\t\t\t\t<div class=\"elementor-element elementor-element-cfce004 elementor-widget elementor-widget-spacer\" data-id=\"cfce004\" data-element_type=\"widget\" data-e-type=\"widget\" data-widget_type=\"spacer.default\">\n\t\t\t\t<div class=\"elementor-widget-container\">\n\t\t\t\t\t\t\t<div class=\"elementor-spacer\">\n\t\t\t<div class=\"elementor-spacer-inner\"><\/div>\n\t\t<\/div>\n\t\t\t\t\t\t<\/div>\n\t\t\t\t<\/div>\n\t\t\t\t\t<\/div>\n\t\t<\/div>\n\t\t\t\t\t<\/div>\n\t\t<\/section>\n\t\t\t\t<section class=\"elementor-section elementor-top-section elementor-element elementor-element-8301ae8 elementor-section-boxed elementor-section-height-default elementor-section-height-default\" data-id=\"8301ae8\" data-element_type=\"section\" data-e-type=\"section\">\n\t\t\t\t\t\t<div class=\"elementor-container elementor-column-gap-default\">\n\t\t\t\t\t<div class=\"elementor-column elementor-col-100 elementor-top-column elementor-element elementor-element-57df59e\" data-id=\"57df59e\" data-element_type=\"column\" data-e-type=\"column\">\n\t\t\t<div class=\"elementor-widget-wrap elementor-element-populated\">\n\t\t\t\t\t\t<div class=\"elementor-element elementor-element-b14152c elementor-widget elementor-widget-heading\" data-id=\"b14152c\" data-element_type=\"widget\" data-e-type=\"widget\" data-widget_type=\"heading.default\">\n\t\t\t\t<div class=\"elementor-widget-container\">\n\t\t\t\t\t<h4 class=\"elementor-heading-title elementor-size-default\">K\u00e9rj\u00fck \u00d6nt, ha az alap\u00edtv\u00e1nyok c\u00e9ljaival egyet\u00e9rt, ad\u00f3ja 1%-\u00e1val j\u00e1ruljon hozz\u00e1 azok megval\u00f3s\u00edt\u00e1s\u00e1hoz!<\/h4>\t\t\t\t<\/div>\n\t\t\t\t<\/div>\n\t\t\t\t\t<\/div>\n\t\t<\/div>\n\t\t\t\t\t<\/div>\n\t\t<\/section>\n\t\t\t\t<section class=\"elementor-section elementor-top-section elementor-element elementor-element-2397389c elementor-section-boxed elementor-section-height-default elementor-section-height-default\" data-id=\"2397389c\" data-element_type=\"section\" data-e-type=\"section\">\n\t\t\t\t\t\t<div class=\"elementor-container elementor-column-gap-default\">\n\t\t\t\t\t<div class=\"elementor-column elementor-col-100 elementor-top-column elementor-element elementor-element-480a0567\" data-id=\"480a0567\" data-element_type=\"column\" data-e-type=\"column\">\n\t\t\t<div class=\"elementor-widget-wrap elementor-element-populated\">\n\t\t\t\t\t\t\t<\/div>\n\t\t<\/div>\n\t\t\t\t\t<\/div>\n\t\t<\/section>\n\t\t\t\t<\/div>\n\t\t","protected":false},"excerpt":{"rendered":"<p>Kereskedelmi, Vend\u00e9gl\u00e1t\u00f3ipari \u00e9s Idegenforgalmi Szakk\u00e9pz\u00e9si Alap\u00edtv\u00e1ny KVISZA ad\u00f3sz\u00e1m: 19060923-1-04 Banksz\u00e1mlasz\u00e1ma: K&amp;H Bank 10402609-26012393 Az alap\u00edtv\u00e1ny c\u00e9ljai: &nbsp; &nbsp; a szakk\u00e9pz\u00e9s elm\u00e9leti \u00e9s gyakorlati felt\u00e9teleinek jav\u00edt\u00e1sa, m\u0171szaki, technikai berendez\u00e9sek beszerz\u00e9se, &nbsp;&nbsp;&nbsp;&nbsp;nyelvtanul\u00e1s, k\u00fclf\u00f6ldi cserekapcsolatok ki\u00e9p\u00edt\u00e9s\u00e9nek seg\u00edt\u00e9se, &nbsp;&nbsp;&nbsp;&nbsp;szakmai \u00e9s tant\u00e1rgyi versenyek szervez\u00e9s\u00e9nek t\u00e1mogat\u00e1sa, &nbsp;&nbsp;&nbsp;&nbsp;kultur\u00e1lis \u00e9s szabadid\u0151s programok seg\u00edt\u00e9se, &nbsp;&nbsp;&nbsp;&nbsp;di\u00e1ksport versenyek \u00e9s a rendszeres testmozg\u00e1s t\u00e1mogat\u00e1sa, &nbsp;&nbsp;&nbsp;&nbsp;tanulm\u00e1nyi \u00f6szt\u00f6nd\u00edjak biztos\u00edt\u00e1sa [&hellip;]<\/p>\n","protected":false},"author":4,"featured_media":0,"parent":0,"menu_order":0,"comment_status":"closed","ping_status":"closed","template":"","meta":{"footnotes":""},"class_list":["post-1146","page","type-page","status-publish","hentry"],"_links":{"self":[{"href":"\/index.php\/wp-json\/wp\/v2\/pages\/1146","targetHints":{"allow":["GET"]}}],"collection":[{"href":"\/index.php\/wp-json\/wp\/v2\/pages"}],"about":[{"href":"\/index.php\/wp-json\/wp\/v2\/types\/page"}],"author":[{"embeddable":true,"href":"\/index.php\/wp-json\/wp\/v2\/users\/4"}],"replies":[{"embeddable":true,"href":"\/index.php\/wp-json\/wp\/v2\/comments?post=1146"}],"version-history":[{"count":8,"href":"\/index.php\/wp-json\/wp\/v2\/pages\/1146\/revisions"}],"predecessor-version":[{"id":1543,"href":"\/index.php\/wp-json\/wp\/v2\/pages\/1146\/revisions\/1543"}],"wp:attachment":[{"href":"\/index.php\/wp-json\/wp\/v2\/media?parent=1146"}],"curies":[{"name":"wp","href":"https:\/\/api.w.org\/{rel}","templated":true}]}}