{"id":1060,"date":"2020-05-18T10:51:02","date_gmt":"2020-05-18T09:51:02","guid":{"rendered":"\/?page_id=1060"},"modified":"2020-05-18T13:35:38","modified_gmt":"2020-05-18T12:35:38","slug":"bekescsaba-2019","status":"publish","type":"page","link":"\/index.php\/bekescsaba-2019\/","title":{"rendered":"Erasmus + KA2 &#8211; B\u00e9k\u00e9scsaba 2019"},"content":{"rendered":"\t\t<div data-elementor-type=\"wp-page\" data-elementor-id=\"1060\" class=\"elementor elementor-1060\" data-elementor-post-type=\"page\">\n\t\t\t\t\t\t<section class=\"elementor-section elementor-top-section elementor-element elementor-element-adfacb9 elementor-section-boxed elementor-section-height-default elementor-section-height-default\" data-id=\"adfacb9\" data-element_type=\"section\" data-e-type=\"section\">\n\t\t\t\t\t\t<div class=\"elementor-container elementor-column-gap-default\">\n\t\t\t\t\t<div class=\"elementor-column elementor-col-100 elementor-top-column elementor-element elementor-element-58ec035\" data-id=\"58ec035\" data-element_type=\"column\" data-e-type=\"column\">\n\t\t\t<div class=\"elementor-widget-wrap elementor-element-populated\">\n\t\t\t\t\t\t<div class=\"elementor-element elementor-element-76aac90 elementor-widget elementor-widget-spacer\" data-id=\"76aac90\" data-element_type=\"widget\" data-e-type=\"widget\" data-widget_type=\"spacer.default\">\n\t\t\t\t<div class=\"elementor-widget-container\">\n\t\t\t\t\t\t\t<div class=\"elementor-spacer\">\n\t\t\t<div class=\"elementor-spacer-inner\"><\/div>\n\t\t<\/div>\n\t\t\t\t\t\t<\/div>\n\t\t\t\t<\/div>\n\t\t\t\t\t<\/div>\n\t\t<\/div>\n\t\t\t\t\t<\/div>\n\t\t<\/section>\n\t\t\t\t<section class=\"elementor-section elementor-top-section elementor-element elementor-element-02ec905 elementor-section-boxed elementor-section-height-default elementor-section-height-default\" data-id=\"02ec905\" data-element_type=\"section\" data-e-type=\"section\">\n\t\t\t\t\t\t<div class=\"elementor-container elementor-column-gap-default\">\n\t\t\t\t\t<div class=\"elementor-column elementor-col-100 elementor-top-column elementor-element elementor-element-4e9f187\" data-id=\"4e9f187\" data-element_type=\"column\" data-e-type=\"column\">\n\t\t\t<div class=\"elementor-widget-wrap elementor-element-populated\">\n\t\t\t\t\t\t<div class=\"elementor-element elementor-element-02ee7a9 elementor-widget elementor-widget-heading\" data-id=\"02ee7a9\" data-element_type=\"widget\" data-e-type=\"widget\" data-widget_type=\"heading.default\">\n\t\t\t\t<div class=\"elementor-widget-container\">\n\t\t\t\t\t<h5 class=\"elementor-heading-title elementor-size-default\">Erasmus+ KA2<\/h5>\t\t\t\t<\/div>\n\t\t\t\t<\/div>\n\t\t\t\t\t<\/div>\n\t\t<\/div>\n\t\t\t\t\t<\/div>\n\t\t<\/section>\n\t\t\t\t<section class=\"elementor-section elementor-top-section elementor-element elementor-element-5623103 elementor-section-boxed elementor-section-height-default elementor-section-height-default\" data-id=\"5623103\" data-element_type=\"section\" data-e-type=\"section\">\n\t\t\t\t\t\t<div class=\"elementor-container elementor-column-gap-default\">\n\t\t\t\t\t<div class=\"elementor-column elementor-col-100 elementor-top-column elementor-element elementor-element-53e5540\" data-id=\"53e5540\" data-element_type=\"column\" data-e-type=\"column\">\n\t\t\t<div class=\"elementor-widget-wrap elementor-element-populated\">\n\t\t\t\t\t\t<div class=\"elementor-element elementor-element-9e0b9f3 elementor-widget elementor-widget-heading\" data-id=\"9e0b9f3\" data-element_type=\"widget\" data-e-type=\"widget\" data-widget_type=\"heading.default\">\n\t\t\t\t<div class=\"elementor-widget-container\">\n\t\t\t\t\t<h5 class=\"elementor-heading-title elementor-size-default\">\u201cBe the change you want to see\u201d<\/h5>\t\t\t\t<\/div>\n\t\t\t\t<\/div>\n\t\t\t\t\t<\/div>\n\t\t<\/div>\n\t\t\t\t\t<\/div>\n\t\t<\/section>\n\t\t\t\t<section class=\"elementor-section elementor-top-section elementor-element elementor-element-7ec0a96 elementor-section-boxed elementor-section-height-default elementor-section-height-default\" data-id=\"7ec0a96\" data-element_type=\"section\" data-e-type=\"section\">\n\t\t\t\t\t\t<div class=\"elementor-container elementor-column-gap-default\">\n\t\t\t\t\t<div class=\"elementor-column elementor-col-100 elementor-top-column elementor-element elementor-element-a32f048\" data-id=\"a32f048\" data-element_type=\"column\" data-e-type=\"column\">\n\t\t\t<div class=\"elementor-widget-wrap elementor-element-populated\">\n\t\t\t\t\t\t<div class=\"elementor-element elementor-element-ccb9aa2 elementor-widget elementor-widget-heading\" data-id=\"ccb9aa2\" data-element_type=\"widget\" data-e-type=\"widget\" data-widget_type=\"heading.default\">\n\t\t\t\t<div class=\"elementor-widget-container\">\n\t\t\t\t\t<h5 class=\"elementor-heading-title elementor-size-default\">magyarorsz\u00e1gi projekttal\u00e1lkoz\u00f3<\/h5>\t\t\t\t<\/div>\n\t\t\t\t<\/div>\n\t\t\t\t\t<\/div>\n\t\t<\/div>\n\t\t\t\t\t<\/div>\n\t\t<\/section>\n\t\t\t\t<section class=\"elementor-section elementor-top-section elementor-element elementor-element-1bea50e elementor-section-boxed elementor-section-height-default elementor-section-height-default\" data-id=\"1bea50e\" data-element_type=\"section\" data-e-type=\"section\">\n\t\t\t\t\t\t<div class=\"elementor-container elementor-column-gap-default\">\n\t\t\t\t\t<div class=\"elementor-column elementor-col-100 elementor-top-column elementor-element elementor-element-9375e28\" data-id=\"9375e28\" data-element_type=\"column\" data-e-type=\"column\">\n\t\t\t<div class=\"elementor-widget-wrap elementor-element-populated\">\n\t\t\t\t\t\t<div class=\"elementor-element elementor-element-fbd9f2e elementor-widget elementor-widget-heading\" data-id=\"fbd9f2e\" data-element_type=\"widget\" data-e-type=\"widget\" data-widget_type=\"heading.default\">\n\t\t\t\t<div class=\"elementor-widget-container\">\n\t\t\t\t\t<h5 class=\"elementor-heading-title elementor-size-default\">2019. m\u00e1jus 13-17.<\/h5>\t\t\t\t<\/div>\n\t\t\t\t<\/div>\n\t\t\t\t\t<\/div>\n\t\t<\/div>\n\t\t\t\t\t<\/div>\n\t\t<\/section>\n\t\t\t\t<section class=\"elementor-section elementor-top-section elementor-element elementor-element-015eecd elementor-section-boxed elementor-section-height-default elementor-section-height-default\" data-id=\"015eecd\" data-element_type=\"section\" data-e-type=\"section\">\n\t\t\t\t\t\t<div class=\"elementor-container elementor-column-gap-default\">\n\t\t\t\t\t<div class=\"elementor-column elementor-col-100 elementor-top-column elementor-element elementor-element-4162ef7\" data-id=\"4162ef7\" data-element_type=\"column\" data-e-type=\"column\">\n\t\t\t<div class=\"elementor-widget-wrap elementor-element-populated\">\n\t\t\t\t\t\t<div class=\"elementor-element elementor-element-44cd500 elementor-widget elementor-widget-spacer\" data-id=\"44cd500\" data-element_type=\"widget\" data-e-type=\"widget\" data-widget_type=\"spacer.default\">\n\t\t\t\t<div class=\"elementor-widget-container\">\n\t\t\t\t\t\t\t<div class=\"elementor-spacer\">\n\t\t\t<div class=\"elementor-spacer-inner\"><\/div>\n\t\t<\/div>\n\t\t\t\t\t\t<\/div>\n\t\t\t\t<\/div>\n\t\t\t\t\t<\/div>\n\t\t<\/div>\n\t\t\t\t\t<\/div>\n\t\t<\/section>\n\t\t\t\t<section class=\"elementor-section elementor-top-section elementor-element elementor-element-7ecb9886 elementor-section-boxed elementor-section-height-default elementor-section-height-default\" data-id=\"7ecb9886\" data-element_type=\"section\" data-e-type=\"section\">\n\t\t\t\t\t\t<div class=\"elementor-container elementor-column-gap-default\">\n\t\t\t\t\t<div class=\"elementor-column elementor-col-100 elementor-top-column elementor-element elementor-element-18a7a4ef\" data-id=\"18a7a4ef\" data-element_type=\"column\" data-e-type=\"column\">\n\t\t\t<div class=\"elementor-widget-wrap elementor-element-populated\">\n\t\t\t\t\t\t<div class=\"elementor-element elementor-element-1db1c41e elementor-widget elementor-widget-text-editor\" data-id=\"1db1c41e\" data-element_type=\"widget\" data-e-type=\"widget\" data-widget_type=\"text-editor.default\">\n\t\t\t\t<div class=\"elementor-widget-container\">\n\t\t\t\t\t\t\t\t\t<p><\/p>\n<p>A tan\u00e9v elej\u00e9n kezd\u0151d\u00f6tt projekt k\u00f6vetkez\u0151 \u00e1llom\u00e1sak\u00e9nt T\u00f6r\u00f6korsz\u00e1gb\u00f3l, G\u00f6r\u00f6gorsz\u00e1gb\u00f3l, Lengyelorsz\u00e1gb\u00f3l \u00e9s Rom\u00e1ni\u00e1b\u00f3l \u00f6sszesen 24 di\u00e1k \u00e9s 8 tan\u00e1r \u00e9rkezett B\u00e9k\u00e9scsab\u00e1ra az egy hetes magyarorsz\u00e1gi projekttal\u00e1lkoz\u00f3ra 2019. m\u00e1jus 12-\u00e9n. A di\u00e1kok t\u00f6bbs\u00e9g\u00e9t vend\u00e9gl\u00e1t\u00f3 csal\u00e1dok fogadt\u00e1k, a 9.A, 9.B, 10.A, 11.C, 12.C, 12.D oszt\u00e1ly tanul\u00f3i vesznek r\u00e9szt a cseredi\u00e1k programban. A program t\u00e9m\u00e1ja az \u00fajszer\u0171, t\u00f6rt\u00e9neteken alapul\u00f3, \u00e9lm\u00e9nyszer\u0171 nyelvtan\u00edt\u00e1s-nyelvtanul\u00e1s.<\/p>\n<p><\/p>\n<p><\/p>\n<p>Ennek keret\u00e9ben a tanul\u00f3k bemutatt\u00e1k iskol\u00e1nkat k\u00fclf\u00f6ldi di\u00e1kt\u00e1rsaiknak \u00e9s tan\u00e1raiknak, interakt\u00edv v\u00e1rosn\u00e9z\u00e9sre vitt\u00e9k \u0151ket, ahol a 11.C oszt\u00e1ly vend\u00e9gl\u00e1t\u00f3s tanul\u00f3i \u00faj szerepben pr\u00f3b\u00e1lhatt\u00e1k ki magukat, hiszen \u0151k voltak a csoport idegenvezet\u0151i. A program r\u00e9szek\u00e9nt a projektben r\u00e9szt vev\u0151 magyar \u00e9s k\u00fclf\u00f6ldi tan\u00e1rok rendhagy\u00f3 nyelv\u00f3r\u00e1kat tartottak a nemzetk\u00f6zi di\u00e1kcsoportoknak, ahol a tanul\u00f3k tapasztalhatt\u00e1k, hogy idegen nyelvet milyen v\u00e1ltozatos m\u00f3dszerekkel lehet tanulni-tan\u00edtani. K\u00e9t kir\u00e1ndul\u00e1s is alkalmat adott arra, hogy a k\u00fclf\u00f6ldi vend\u00e9gek belepillanthassanak orsz\u00e1gunk \u00e9let\u00e9be: Budapesten \u00e9s Gyul\u00e1n t\u00f6lt\u00f6tt egy\u00fctt az 50 r\u00e9sztvev\u0151 egy-egy tartalmas napot.<\/p>\n<p><\/p>\n<p><\/p>\n<p>Ezek mellett a hasznos programok mellett a tal\u00e1lkoz\u00f3 k\u00fcl\u00f6nlegess\u00e9ge az volt, hogy iskol\u00e1nkban els\u0151 alkalommal vend\u00e9gl\u00e1t\u00f3 csal\u00e1dok fogadt\u00e1k a gyerekeket. Ez nagyon hasznos \u00e9s motiv\u00e1l\u00f3 tanul\u00f3ink sz\u00e1m\u00e1ra, hiszen egyr\u00e9szt megismernek egy m\u00e1s kult\u00far\u00e1t, m\u00e1sr\u00e9szt az iskol\u00e1n k\u00edv\u00fcl is gyakorolhatj\u00e1k az idegen nyelv\u0171 kommunik\u00e1ci\u00f3t. Nagyon fontos volt sz\u00e1munkra, hogy milyen v\u00e9lem\u00e9nnyel lesznek a vend\u00e9gek \u00e9s a vend\u00e9gl\u00e1t\u00f3k err\u0151l, hiszen tov\u00e1bbi projektekben szint\u00e9n lehet\u0151s\u00e9ge lesz iskol\u00e1nk di\u00e1kjainak \u00e9s csal\u00e1djaiknak k\u00fclf\u00f6ldi vend\u00e9gek fogad\u00e1s\u00e1ra.<\/p>\n<p><\/p>\n<p><\/p>\n<p>Id\u00e9zet a vend\u00e9gl\u00e1t\u00f3 csal\u00e1dokt\u00f3l:<\/p>\n<p><\/p>\n<p><\/p>\n<p>\u201eK\u00f6sz\u00f6nj\u00fck sz\u00e9pen a lehet\u0151s\u00e9get! Fantasztikus \u00e9lm\u00e9ny volt! Magda egy t\u00fcnd\u00e9ri l\u00e1ny. Az \u00e9telekkel meg volt el\u00e9gedve, \u00edzlettek neki. Rengeteget besz\u00e9lgett\u00fcnk. Olyan \u00e9rz\u00e9s volt, mintha m\u00e1r r\u00e9gi ismer\u0151s\u00f6k lenn\u00e9nk. Szerencs\u00e9sek voltunk, hogy vas\u00e1rnap egy\u00fctt \u00fcnnepelhett\u00fck meg a sz\u00fclinapj\u00e1t.\u00a0 A b\u00facs\u00fa szomor\u00fa volt, de \u00fagy v\u00e1ltunk el, hogy m\u00e9g tal\u00e1lkozunk!\u201d (T\u00f3th Katalin)<\/p>\n<p><\/p>\n<p><\/p>\n<p>\u201eK\u00f6sz\u00f6nj\u00fck sz\u00e9pen a lehet\u0151s\u00e9get! El\u0151sz\u00f6r f\u00e9lt\u00fcnk, hogy t\u00fal nagy a kultur\u00e1lis k\u00fcl\u00f6nbs\u00e9g, de semmi probl\u00e9ma nem volt. Nagyon aranyos \u00e9s nyitott szem\u00e9lyt ismert\u00fcnk meg Sen\u00e1ban. \u00c9rdekl\u0151d\u0151 volt a konyh\u00e1nk, t\u00f6rt\u00e9nelm\u00fcnk ir\u00e1nt. \u00c9rdekes \u00e9lm\u00e9ny volt a csal\u00e1d sz\u00e1m\u00e1ra.\u201d (Kov\u00e1cs Gy\u00f6ngyi)<\/p>\n<p><\/p>\n<p><\/p>\n<p>\u201cMi is k\u00f6sz\u00f6nj\u00fck! \u00c1prilisban a t\u00e1j\u00e9koztat\u00f3 sz\u00fcl\u0151i ut\u00e1n \u00fagy \u00e9rezt\u00fck, nagyon magas l\u00e9cet kell \u00e1tugranunk. A v\u00e1rt lengyel helyett t\u00f6r\u00f6k vend\u00e9get kapunk. Nagyon idegennek, t\u00e1volinak \u00e9rezt\u00fck azt a kult\u00far\u00e1t magunkt\u00f3l. Vas\u00e1rnap d\u00e9lut\u00e1n a haza\u00faton (40-50 perc) m\u00e1r pozit\u00edvum volt, hogy nagyon j\u00f3l besz\u00e9l angolul. M\u00e1r kipakol\u00e1skor l\u00e1tszott, hogy alapb\u00f3l NAGYON alkalmazkod\u00f3 \u00e9s tisztelettud\u00f3! K\u00f6zben megbesz\u00e9lt\u00fck, hogy, tiszteletben tartjuk a diszn\u00f3h\u00fas \u00e9s alkohol n\u00e9lk\u00fcli \u00e9trendj\u00e9t. Nyugodtan megeheti majd amit k\u00e9sz\u00edt\u00fcnk, v\u00e1s\u00e1rolunk. M\u00e9g akkor este tett\u00fcnk egy r\u00f6vid kir\u00e1ndul\u00e1st M\u00e1gorra, tetszett neki. Pozit\u00edvum volt ism\u00e9t, hogy l\u00e1tszott rajta az \u00e9rdekl\u0151d\u00e9s. Ez\u00e9rt tartottuk magunkat az el\u0151re tervezett programjainkhoz. Sajnos az rendelkez\u00e9sre \u00e1ll\u00f3 id\u0151 v\u00e9ges volt, de pr\u00f3b\u00e1ltuk a megye n\u00e9h\u00e1ny nevezetesebb l\u00e1tnival\u00f3j\u00e1t megmutatni neki. Mindig, mindenhol sokat k\u00e9rdezett. Nagyon \u00e9rdekelte a m\u00falt \u00e9s a jelen kult\u00far\u00e1ja, az emberek mindennapjai \u00e9s a term\u00e9szet. A z\u00f6ld mez\u0151k, f\u00e1k, bokrok k\u00fcl\u00f6n\u00f6sen tetszettek neki. Minden este megk\u00f6sz\u00f6nte az aznapi programot. Mivel h\u00fast keveset evett, neh\u00e9z volt kital\u00e1lni, mit k\u00e9sz\u00edts\u00fcnk. Szerencs\u00e9re siker\u00fclt mindig olyat, amit ezel\u0151tt soha nem l\u00e1tott, evett. Mindent megk\u00f3stolt, j\u00f3\u00edz\u0171en megevett! Nagyon tetszettek neki a konyh\u00e1nk \u00edzei. \u0150szint\u00e9n elmondta, ha valami negat\u00edvumot l\u00e1tott, tapasztalt (szerencs\u00e9re egy-k\u00e9t apr\u00f3s\u00e1g volt csak). \u00c9rt\u00e9kes embert ismerhett\u00fcnk meg szem\u00e9ly\u00e9ben. \u00d6sszess\u00e9g\u00e9ben \u00e9rdekes, teljes\u00edthet\u0151 feladat volt ez a h\u00e9t. K\u00f6sz\u00f6nj\u00fck, hogy r\u00e9szesei lehett\u00fcnk! Azt mondta, hogy vissza fog m\u00e9g j\u00f6nni l\u00e1togat\u00f3ba Magyarorsz\u00e1gra a csal\u00e1dj\u00e1val is. Rem\u00e9lem \u00edgy is lesz!\u201d (P\u00e1kozdi S\u00e1ndor)<\/p>\n<p><\/p>\n<p><\/p>\n<p>\u201cNek\u00fcnk nagyon j\u00f3l siker\u00fclt ez a Jakubbal t\u00f6lt\u00f6tt h\u00e9t. \u0150 evett, megk\u00f3stolt mindent. Elfogadta az uticsomagot, nek\u00fcnk 4 gyerek\u00fcnk lett egy h\u00e9tre. Sajn\u00e1ltuk, hogy m\u00e1ris v\u00e9ge lett a h\u00e9tnek. Marci bar\u00e1taival is sz\u00edvesen tal\u00e1lkozott, \u00edj\u00e1szkodtak, airsoftot j\u00e1tszottak. Nagyon pozit\u00edv a tapasztalatunk! K\u00f6sz\u00f6nj\u00fck!\u201d (Kiss R\u00f3zsa)<\/p>\n<p><\/p>\n<p><\/p>\n<p>\u201cMi is k\u00f6sz\u00f6nj\u00fck! Rendk\u00edv\u00fcl \u00e9rdekes volt n\u00e9h\u00e1ny napot egy\u00fctt\u00e9lni egy m\u00e1s kult\u00far\u00e1b\u00f3l \u00e9rkez\u0151vel. Nagyon intelligens, j\u00f3l nevelt fiatalembert ismert\u00fcnk meg.\u201d (Nagy S\u00e1ndor)<\/p>\n<p><\/p>\t\t\t\t\t\t\t\t<\/div>\n\t\t\t\t<\/div>\n\t\t\t\t\t<\/div>\n\t\t<\/div>\n\t\t\t\t\t<\/div>\n\t\t<\/section>\n\t\t\t\t<section class=\"elementor-section elementor-top-section elementor-element elementor-element-25dd239 elementor-section-boxed elementor-section-height-default elementor-section-height-default\" data-id=\"25dd239\" data-element_type=\"section\" data-e-type=\"section\">\n\t\t\t\t\t\t<div class=\"elementor-container elementor-column-gap-default\">\n\t\t\t\t\t<div class=\"elementor-column elementor-col-100 elementor-top-column elementor-element elementor-element-339d5b7\" data-id=\"339d5b7\" data-element_type=\"column\" data-e-type=\"column\">\n\t\t\t<div class=\"elementor-widget-wrap elementor-element-populated\">\n\t\t\t\t\t\t<div class=\"elementor-element elementor-element-bf22895 elementor-widget elementor-widget-text-editor\" data-id=\"bf22895\" data-element_type=\"widget\" data-e-type=\"widget\" data-widget_type=\"text-editor.default\">\n\t\t\t\t<div class=\"elementor-widget-container\">\n\t\t\t\t\t\t\t\t\t<p><b><div id=\"grid-gallery-16-37143\" data-gg-id=\"16\" data-title=\"B\u00e9k\u00e9scsaba 2019\" data-grid-type=\"0\" data-offset=\"5.3\" data-area-position=\"center\" data-icons=\"\" data-preloader=\"true\" data-width=\"215\" data-height=\"215\" data-padding=\"0\" data-quicksand=\"disabled\" data-quicksand-duration=\"none\" data-popup-theme=\"theme_6\" data-popup-type=\"pretty-photo\" data-popup-image-text=\"data-description\" data-popup-widthsize=\"auto\" data-popup-heightsize=\"auto\" data-popup-i18n-words=\"{&quot;close&quot;:&quot;close&quot;,&quot;next&quot;:&quot;next&quot;,&quot;previous&quot;:&quot;previous&quot;,&quot;start_slideshow&quot;:&quot;start slideshow&quot;,&quot;stop_slideshow&quot;:&quot;stop slideshow&quot;,&quot;image&quot;:&quot;image&quot;,&quot;of&quot;:&quot;of&quot;,&quot;prev&quot;:&quot;prev&quot;,&quot;cExpand&quot;:&quot;Expand&quot;,&quot;cPrevious&quot;:&quot;Previous&quot;,&quot;cNext&quot;:&quot;Next&quot;,&quot;cExpandStr&quot;:&quot;Expand the image&quot;,&quot;cRotate&quot;:&quot;Rotate&quot;,&quot;cDetails&quot;:&quot;Details&quot;}\" data-popup-slideshow=\"false\" data-popup-slideshow-speed=\"2500\" data-popup-hoverstop=\"true\" data-popup-slideshow-auto=\"false\" data-popup-background=\"\" data-popup-transparency=\"30\" data-popup-disable-history=\"\" data-popup-disable-changed-url=\"\" data-popup-border-type=\"solid\" data-popup-border-color=\"\" data-popup-border-width=\"\" data-popup-border-enable=\"\" data-fullscreen=\"false\" data-hide-tooltip=\"false\" data-caption-font-family=\"Default\" data-caption-text-size=\"140\" data-is-mobile=\"0\" data-caption-mobile=\"false\" data-hide-long-tltp-title=\"0\" data-caption-disabled-on-mobile=\"false\" data-popup-placement-type=\"0\" data-social-sharing=\"{&quot;enabled&quot;:&quot;&quot;,&quot;gallerySharing&quot;:{&quot;enabled&quot;:null,&quot;position&quot;:null},&quot;imageSharing&quot;:{&quot;enabled&quot;:null,&quot;wrapperClass&quot;:&quot; vertical &quot;},&quot;popupSharing&quot;:{&quot;enabled&quot;:null,&quot;wrapperClass&quot;:&quot; vertical &quot;}}\" class=\"grid-gallery grid-gallery-fixed \" style=\" width:100%; height:auto; margin-left:auto; margin-right:auto;position:relative;\"> <div class=\"gallery-loading\"> <div class=\"blocks\"> <div class=\"block\"><\/div> <div class=\"block\"><\/div> <div class=\"block\"><\/div> <div class=\"block\"><\/div> <\/div> <\/div> <div class=\"gallery-sharing-top\" style=\"display:none;\"> <\/div> <div id=\"photos-16\" class=\"grid-gallery-photos\"><FIGURE class=\"grid-gallery-caption\" data-grid-gallery-type=\"quarter-slide-up\" data-index=\"0\" style=\"display:none;border-radius:00;; margin:5.3px; width:2150;\" ><div class=\"crop\" style=\" width:2150; height:2150; overflow:hidden;\"><img decoding=\"async\" src=\"\/wp-content\/uploads\/2020\/05\/bcs20191-215x215.jpg\" class=\"ggImg\" alt=\"bcs20191\" title=\"bcs20191\" data-description=\"bcs20191\" data-caption=\"bcs20191\" data-title=\"bcs20191\" style=\" width:215px; height:215px;\" \/><\/div><FIGCAPTION class=\"\" data-alpha=\"5\" style=\"color:#ffffff; background-color:#6f0000; font-size:140; text-align:left; font-family:Default;\" ><div class=\"grid-gallery-figcaption-wrap\" style=\"\"><\/div><\/FIGCAPTION><\/FIGURE><FIGURE class=\"grid-gallery-caption\" data-grid-gallery-type=\"quarter-slide-up\" data-index=\"1\" style=\"display:none;border-radius:00;; margin:5.3px; width:2150;\" ><div class=\"crop\" style=\" width:2150; height:2150; overflow:hidden;\"><img decoding=\"async\" src=\"\/wp-content\/uploads\/2020\/05\/bcs20192-scaled-215x215.jpg\" class=\"ggImg\" alt=\"bcs20192\" title=\"bcs20192\" data-description=\"bcs20192\" data-caption=\"bcs20192\" data-title=\"bcs20192\" style=\" width:215px; height:215px;\" \/><\/div><FIGCAPTION class=\"\" data-alpha=\"5\" style=\"color:#ffffff; background-color:#6f0000; font-size:140; text-align:left; font-family:Default;\" ><div class=\"grid-gallery-figcaption-wrap\" style=\"\"><\/div><\/FIGCAPTION><\/FIGURE><FIGURE class=\"grid-gallery-caption\" data-grid-gallery-type=\"quarter-slide-up\" data-index=\"2\" style=\"display:none;border-radius:00;; margin:5.3px; width:2150;\" ><div class=\"crop\" style=\" width:2150; height:2150; overflow:hidden;\"><img decoding=\"async\" src=\"\/wp-content\/uploads\/2020\/05\/bcs20193-215x215.jpg\" class=\"ggImg\" alt=\"bcs20193\" title=\"bcs20193\" data-description=\"bcs20193\" data-caption=\"bcs20193\" data-title=\"bcs20193\" style=\" width:215px; height:215px;\" \/><\/div><FIGCAPTION class=\"\" data-alpha=\"5\" style=\"color:#ffffff; background-color:#6f0000; font-size:140; text-align:left; font-family:Default;\" ><div class=\"grid-gallery-figcaption-wrap\" style=\"\"><\/div><\/FIGCAPTION><\/FIGURE><FIGURE class=\"grid-gallery-caption\" data-grid-gallery-type=\"quarter-slide-up\" data-index=\"3\" style=\"display:none;border-radius:00;; margin:5.3px; width:2150;\" ><div class=\"crop\" style=\" width:2150; height:2150; overflow:hidden;\"><img decoding=\"async\" src=\"\/wp-content\/uploads\/2020\/05\/bcs20194-215x215.jpg\" class=\"ggImg\" alt=\"bcs20194\" title=\"bcs20194\" data-description=\"bcs20194\" data-caption=\"bcs20194\" data-title=\"bcs20194\" style=\" width:215px; height:215px;\" \/><\/div><FIGCAPTION class=\"\" data-alpha=\"5\" style=\"color:#ffffff; background-color:#6f0000; font-size:140; text-align:left; font-family:Default;\" ><div class=\"grid-gallery-figcaption-wrap\" style=\"\"><\/div><\/FIGCAPTION><\/FIGURE><FIGURE class=\"grid-gallery-caption\" data-grid-gallery-type=\"quarter-slide-up\" data-index=\"4\" style=\"display:none;border-radius:00;; margin:5.3px; width:2150;\" ><div class=\"crop\" style=\" width:2150; height:2150; overflow:hidden;\"><img decoding=\"async\" src=\"\/wp-content\/uploads\/2020\/05\/bcs20195-215x215.jpg\" class=\"ggImg\" alt=\"bcs20195\" title=\"bcs20195\" data-description=\"bcs20195\" data-caption=\"bcs20195\" data-title=\"bcs20195\" style=\" width:215px; height:215px;\" \/><\/div><FIGCAPTION class=\"\" data-alpha=\"5\" style=\"color:#ffffff; background-color:#6f0000; font-size:140; text-align:left; font-family:Default;\" ><div class=\"grid-gallery-figcaption-wrap\" style=\"\"><\/div><\/FIGCAPTION><\/FIGURE><FIGURE class=\"grid-gallery-caption\" data-grid-gallery-type=\"quarter-slide-up\" data-index=\"5\" style=\"display:none;border-radius:00;; margin:5.3px; width:2150;\" ><div class=\"crop\" style=\" width:2150; height:2150; overflow:hidden;\"><img decoding=\"async\" src=\"\/wp-content\/uploads\/2020\/05\/bcs20196-215x215.jpg\" class=\"ggImg\" alt=\"bcs20196\" title=\"bcs20196\" data-description=\"bcs20196\" data-caption=\"bcs20196\" data-title=\"bcs20196\" style=\" width:215px; height:215px;\" \/><\/div><FIGCAPTION class=\"\" data-alpha=\"5\" style=\"color:#ffffff; background-color:#6f0000; font-size:140; text-align:left; font-family:Default;\" ><div class=\"grid-gallery-figcaption-wrap\" style=\"\"><\/div><\/FIGCAPTION><\/FIGURE><FIGURE class=\"grid-gallery-caption\" data-grid-gallery-type=\"quarter-slide-up\" data-index=\"6\" style=\"display:none;border-radius:00;; margin:5.3px; width:2150;\" ><div class=\"crop\" style=\" width:2150; height:2150; overflow:hidden;\"><img decoding=\"async\" src=\"\/wp-content\/uploads\/2020\/05\/bcs20197-215x215.jpg\" class=\"ggImg\" alt=\"bcs20197\" title=\"bcs20197\" data-description=\"bcs20197\" data-caption=\"bcs20197\" data-title=\"bcs20197\" style=\" width:215px; height:215px;\" \/><\/div><FIGCAPTION class=\"\" data-alpha=\"5\" style=\"color:#ffffff; background-color:#6f0000; font-size:140; text-align:left; font-family:Default;\" ><div class=\"grid-gallery-figcaption-wrap\" style=\"\"><\/div><\/FIGCAPTION><\/FIGURE><FIGURE class=\"grid-gallery-caption\" data-grid-gallery-type=\"quarter-slide-up\" data-index=\"7\" style=\"display:none;border-radius:00;; margin:5.3px; width:2150;\" ><div class=\"crop\" style=\" width:2150; height:2150; overflow:hidden;\"><img decoding=\"async\" src=\"\/wp-content\/uploads\/2020\/05\/bcs20198-215x215.jpg\" class=\"ggImg\" alt=\"bcs20198\" title=\"bcs20198\" data-description=\"bcs20198\" data-caption=\"bcs20198\" data-title=\"bcs20198\" style=\" width:215px; height:215px;\" \/><\/div><FIGCAPTION class=\"\" data-alpha=\"5\" style=\"color:#ffffff; background-color:#6f0000; font-size:140; text-align:left; font-family:Default;\" ><div class=\"grid-gallery-figcaption-wrap\" style=\"\"><\/div><\/FIGCAPTION><\/FIGURE> <div class=\"grid-gallery-clearfix\"><\/div> <\/div> <div class=\"gallery-sharing-bottom\" style=\"display:none;\"> <\/div> <div class=\"gallery-sharing-image\" style=\"display:none;\"> <\/div> <div class=\"gallery-sharing-popup\" style=\"display:none;\"> <\/div> <div class=\"grid-gallery-clearfix\"><\/div> <\/div> <!-- Gallery by Supsystic plugin1.16.0 --><a title=\"Best WordPress Gallery Plugin\" style=\"display:none;\" href=\"https:\/\/supsystic.com\/plugins\/photo-gallery\/?utm_medium=love_link\" target=\"_blank\">Best WordPress Gallery Plugin<\/a><\/b><\/p>\t\t\t\t\t\t\t\t<\/div>\n\t\t\t\t<\/div>\n\t\t\t\t\t<\/div>\n\t\t<\/div>\n\t\t\t\t\t<\/div>\n\t\t<\/section>\n\t\t\t\t<\/div>\n\t\t","protected":false},"excerpt":{"rendered":"<p>Erasmus+ KA2 \u201cBe the change you want to see\u201d magyarorsz\u00e1gi projekttal\u00e1lkoz\u00f3 2019. m\u00e1jus 13-17. A tan\u00e9v elej\u00e9n kezd\u0151d\u00f6tt projekt k\u00f6vetkez\u0151 \u00e1llom\u00e1sak\u00e9nt T\u00f6r\u00f6korsz\u00e1gb\u00f3l, G\u00f6r\u00f6gorsz\u00e1gb\u00f3l, Lengyelorsz\u00e1gb\u00f3l \u00e9s Rom\u00e1ni\u00e1b\u00f3l \u00f6sszesen 24 di\u00e1k \u00e9s 8 tan\u00e1r \u00e9rkezett B\u00e9k\u00e9scsab\u00e1ra az egy hetes magyarorsz\u00e1gi projekttal\u00e1lkoz\u00f3ra 2019. m\u00e1jus 12-\u00e9n. A di\u00e1kok t\u00f6bbs\u00e9g\u00e9t vend\u00e9gl\u00e1t\u00f3 csal\u00e1dok fogadt\u00e1k, a 9.A, 9.B, 10.A, 11.C, 12.C, 12.D [&hellip;]<\/p>\n","protected":false},"author":4,"featured_media":0,"parent":0,"menu_order":0,"comment_status":"closed","ping_status":"closed","template":"","meta":{"footnotes":""},"class_list":["post-1060","page","type-page","status-publish","hentry"],"_links":{"self":[{"href":"\/index.php\/wp-json\/wp\/v2\/pages\/1060","targetHints":{"allow":["GET"]}}],"collection":[{"href":"\/index.php\/wp-json\/wp\/v2\/pages"}],"about":[{"href":"\/index.php\/wp-json\/wp\/v2\/types\/page"}],"author":[{"embeddable":true,"href":"\/index.php\/wp-json\/wp\/v2\/users\/4"}],"replies":[{"embeddable":true,"href":"\/index.php\/wp-json\/wp\/v2\/comments?post=1060"}],"version-history":[{"count":4,"href":"\/index.php\/wp-json\/wp\/v2\/pages\/1060\/revisions"}],"predecessor-version":[{"id":1156,"href":"\/index.php\/wp-json\/wp\/v2\/pages\/1060\/revisions\/1156"}],"wp:attachment":[{"href":"\/index.php\/wp-json\/wp\/v2\/media?parent=1060"}],"curies":[{"name":"wp","href":"https:\/\/api.w.org\/{rel}","templated":true}]}}