{"id":1040,"date":"2020-05-18T10:43:30","date_gmt":"2020-05-18T09:43:30","guid":{"rendered":"\/?page_id=1040"},"modified":"2020-05-18T10:46:25","modified_gmt":"2020-05-18T09:46:25","slug":"erasmus-ka2-gorogorszag","status":"publish","type":"page","link":"\/index.php\/erasmus-ka2-gorogorszag\/","title":{"rendered":"Erasmus+ KA2 \u2013 G\u00f6r\u00f6gorsz\u00e1g"},"content":{"rendered":"\t\t<div data-elementor-type=\"wp-page\" data-elementor-id=\"1040\" class=\"elementor elementor-1040\" data-elementor-post-type=\"page\">\n\t\t\t\t\t\t<section class=\"elementor-section elementor-top-section elementor-element elementor-element-669be9d elementor-section-boxed elementor-section-height-default elementor-section-height-default\" data-id=\"669be9d\" data-element_type=\"section\" data-e-type=\"section\">\n\t\t\t\t\t\t<div class=\"elementor-container elementor-column-gap-default\">\n\t\t\t\t\t<div class=\"elementor-column elementor-col-100 elementor-top-column elementor-element elementor-element-2a28733\" data-id=\"2a28733\" data-element_type=\"column\" data-e-type=\"column\">\n\t\t\t<div class=\"elementor-widget-wrap elementor-element-populated\">\n\t\t\t\t\t\t<div class=\"elementor-element elementor-element-ec07754 elementor-widget elementor-widget-spacer\" data-id=\"ec07754\" data-element_type=\"widget\" data-e-type=\"widget\" data-widget_type=\"spacer.default\">\n\t\t\t\t<div class=\"elementor-widget-container\">\n\t\t\t\t\t\t\t<div class=\"elementor-spacer\">\n\t\t\t<div class=\"elementor-spacer-inner\"><\/div>\n\t\t<\/div>\n\t\t\t\t\t\t<\/div>\n\t\t\t\t<\/div>\n\t\t\t\t\t<\/div>\n\t\t<\/div>\n\t\t\t\t\t<\/div>\n\t\t<\/section>\n\t\t\t\t<section class=\"elementor-section elementor-top-section elementor-element elementor-element-ea4ef45 elementor-section-boxed elementor-section-height-default elementor-section-height-default\" data-id=\"ea4ef45\" data-element_type=\"section\" data-e-type=\"section\">\n\t\t\t\t\t\t<div class=\"elementor-container elementor-column-gap-default\">\n\t\t\t\t\t<div class=\"elementor-column elementor-col-100 elementor-top-column elementor-element elementor-element-c259058\" data-id=\"c259058\" data-element_type=\"column\" data-e-type=\"column\">\n\t\t\t<div class=\"elementor-widget-wrap elementor-element-populated\">\n\t\t\t\t\t\t<div class=\"elementor-element elementor-element-b015a93 elementor-widget elementor-widget-heading\" data-id=\"b015a93\" data-element_type=\"widget\" data-e-type=\"widget\" data-widget_type=\"heading.default\">\n\t\t\t\t<div class=\"elementor-widget-container\">\n\t\t\t\t\t<h5 class=\"elementor-heading-title elementor-size-default\">\u201cBe the change you want to see\u201d<\/h5>\t\t\t\t<\/div>\n\t\t\t\t<\/div>\n\t\t\t\t\t<\/div>\n\t\t<\/div>\n\t\t\t\t\t<\/div>\n\t\t<\/section>\n\t\t\t\t<section class=\"elementor-section elementor-top-section elementor-element elementor-element-ea8ff19 elementor-section-boxed elementor-section-height-default elementor-section-height-default\" data-id=\"ea8ff19\" data-element_type=\"section\" data-e-type=\"section\">\n\t\t\t\t\t\t<div class=\"elementor-container elementor-column-gap-default\">\n\t\t\t\t\t<div class=\"elementor-column elementor-col-100 elementor-top-column elementor-element elementor-element-5c2b460\" data-id=\"5c2b460\" data-element_type=\"column\" data-e-type=\"column\">\n\t\t\t<div class=\"elementor-widget-wrap elementor-element-populated\">\n\t\t\t\t\t\t<div class=\"elementor-element elementor-element-d443a2c elementor-widget elementor-widget-heading\" data-id=\"d443a2c\" data-element_type=\"widget\" data-e-type=\"widget\" data-widget_type=\"heading.default\">\n\t\t\t\t<div class=\"elementor-widget-container\">\n\t\t\t\t\t<h5 class=\"elementor-heading-title elementor-size-default\">G\u00f6r\u00f6gorsz\u00e1gi projekttal\u00e1lkoz\u00f3<\/h5>\t\t\t\t<\/div>\n\t\t\t\t<\/div>\n\t\t\t\t\t<\/div>\n\t\t<\/div>\n\t\t\t\t\t<\/div>\n\t\t<\/section>\n\t\t\t\t<section class=\"elementor-section elementor-top-section elementor-element elementor-element-df10c75 elementor-section-boxed elementor-section-height-default elementor-section-height-default\" data-id=\"df10c75\" data-element_type=\"section\" data-e-type=\"section\">\n\t\t\t\t\t\t<div class=\"elementor-container elementor-column-gap-default\">\n\t\t\t\t\t<div class=\"elementor-column elementor-col-100 elementor-top-column elementor-element elementor-element-1670a8f\" data-id=\"1670a8f\" data-element_type=\"column\" data-e-type=\"column\">\n\t\t\t<div class=\"elementor-widget-wrap elementor-element-populated\">\n\t\t\t\t\t\t<div class=\"elementor-element elementor-element-93017ab elementor-widget elementor-widget-heading\" data-id=\"93017ab\" data-element_type=\"widget\" data-e-type=\"widget\" data-widget_type=\"heading.default\">\n\t\t\t\t<div class=\"elementor-widget-container\">\n\t\t\t\t\t<h5 class=\"elementor-heading-title elementor-size-default\">2019. m\u00e1rcius 17-24.<\/h5>\t\t\t\t<\/div>\n\t\t\t\t<\/div>\n\t\t\t\t\t<\/div>\n\t\t<\/div>\n\t\t\t\t\t<\/div>\n\t\t<\/section>\n\t\t\t\t<section class=\"elementor-section elementor-top-section elementor-element elementor-element-4510c98 elementor-section-boxed elementor-section-height-default elementor-section-height-default\" data-id=\"4510c98\" data-element_type=\"section\" data-e-type=\"section\">\n\t\t\t\t\t\t<div class=\"elementor-container elementor-column-gap-default\">\n\t\t\t\t\t<div class=\"elementor-column elementor-col-100 elementor-top-column elementor-element elementor-element-9432a28\" data-id=\"9432a28\" data-element_type=\"column\" data-e-type=\"column\">\n\t\t\t<div class=\"elementor-widget-wrap elementor-element-populated\">\n\t\t\t\t\t\t<div class=\"elementor-element elementor-element-c982983 elementor-widget elementor-widget-heading\" data-id=\"c982983\" data-element_type=\"widget\" data-e-type=\"widget\" data-widget_type=\"heading.default\">\n\t\t\t\t<div class=\"elementor-widget-container\">\n\t\t\t\t\t<h5 class=\"elementor-heading-title elementor-size-default\">Erasmus Pluszos \u00e9lm\u00e9nyeim<\/h5>\t\t\t\t<\/div>\n\t\t\t\t<\/div>\n\t\t\t\t\t<\/div>\n\t\t<\/div>\n\t\t\t\t\t<\/div>\n\t\t<\/section>\n\t\t\t\t<section class=\"elementor-section elementor-top-section elementor-element elementor-element-88a8b1a elementor-section-boxed elementor-section-height-default elementor-section-height-default\" data-id=\"88a8b1a\" data-element_type=\"section\" data-e-type=\"section\">\n\t\t\t\t\t\t<div class=\"elementor-container elementor-column-gap-default\">\n\t\t\t\t\t<div class=\"elementor-column elementor-col-100 elementor-top-column elementor-element elementor-element-7c34aa7\" data-id=\"7c34aa7\" data-element_type=\"column\" data-e-type=\"column\">\n\t\t\t<div class=\"elementor-widget-wrap elementor-element-populated\">\n\t\t\t\t\t\t<div class=\"elementor-element elementor-element-e404522 elementor-widget elementor-widget-spacer\" data-id=\"e404522\" data-element_type=\"widget\" data-e-type=\"widget\" data-widget_type=\"spacer.default\">\n\t\t\t\t<div class=\"elementor-widget-container\">\n\t\t\t\t\t\t\t<div class=\"elementor-spacer\">\n\t\t\t<div class=\"elementor-spacer-inner\"><\/div>\n\t\t<\/div>\n\t\t\t\t\t\t<\/div>\n\t\t\t\t<\/div>\n\t\t\t\t\t<\/div>\n\t\t<\/div>\n\t\t\t\t\t<\/div>\n\t\t<\/section>\n\t\t\t\t<section class=\"elementor-section elementor-top-section elementor-element elementor-element-13b9ff30 elementor-section-boxed elementor-section-height-default elementor-section-height-default\" data-id=\"13b9ff30\" data-element_type=\"section\" data-e-type=\"section\">\n\t\t\t\t\t\t<div class=\"elementor-container elementor-column-gap-default\">\n\t\t\t\t\t<div class=\"elementor-column elementor-col-100 elementor-top-column elementor-element elementor-element-74a7afd2\" data-id=\"74a7afd2\" data-element_type=\"column\" data-e-type=\"column\">\n\t\t\t<div class=\"elementor-widget-wrap elementor-element-populated\">\n\t\t\t\t\t\t<div class=\"elementor-element elementor-element-6c22259e elementor-widget elementor-widget-text-editor\" data-id=\"6c22259e\" data-element_type=\"widget\" data-e-type=\"widget\" data-widget_type=\"text-editor.default\">\n\t\t\t\t<div class=\"elementor-widget-container\">\n\t\t\t\t\t\t\t\t\t<p><\/p>\n<p><\/p>\n<p><\/p>\n<p><\/p>\n<p><\/p>\n<p>Az elm\u00falt \u00e9vek folyam\u00e1n t\u00f6bbsz\u00f6r is volt lehet\u0151s\u00e9gem Erasmus programban r\u00e9sz venni. Egyszer T\u00f6r\u00f6korsz\u00e1gban egy egyhetes programban vehettem r\u00e9szt, legut\u00f3bbi alkalommal pedig G\u00f6r\u00f6gorsz\u00e1gban t\u00f6lt\u00f6ttem szint\u00e9n egy hetet h\u00e1rom tan\u00e1rommal \u00e9s \u00f6t di\u00e1kt\u00e1rsammal.<\/p>\n<p><\/p>\n<p><\/p>\n<p>A programban di\u00e1kt\u00e1rsaim \u00e9s \u00e9n g\u00f6r\u00f6g csal\u00e1dokn\u00e1l voltunk elsz\u00e1ll\u00e1solva.<\/p>\n<p><\/p>\n<p><\/p>\n<p>Vas\u00e1rnap hajnalban indultunk el Kilkis ir\u00e1ny\u00e1ba Budapest \u00e9s Thessaloniki v\u00e1ros\u00e1t \u00e9rintve.<\/p>\n<p><\/p>\n<p><\/p>\n<p>D\u00e9lben \u00e9rkezt\u00fcnk meg a fogad\u00f3csal\u00e1dokhoz, a tan\u00e1rok pedig a hotelbe. Aznap este elhelyezkedt\u00fcnk a sz\u00e1ll\u00e1son, \u00e9s megismerkedt\u00fcnk a fogad\u00f3csal\u00e1d tagjaival, valamint a helyi h\u00e1ztart\u00e1si szok\u00e1sokkal, apr\u00f3bb \u00e9letviteli k\u00fcl\u00f6nbs\u00e9gekkel.<\/p>\n<p><\/p>\n<p><\/p>\n<p>A h\u00e9tf\u0151i napon, ami utaz\u00e1sunk m\u00e1sodik napja volt, Kilkis 3. iskol\u00e1j\u00e1ban vehett\u00fcnk r\u00e9szt t\u00f6bb el\u0151ad\u00e1son, tan\u00edt\u00e1si \u00f3r\u00e1kon, amik j\u00f3l demonstr\u00e1lt\u00e1k a r\u00e9szt vev\u0151 di\u00e1kok nyelvtud\u00e1s\u00e1t, az iskol\u00e1hoz \u00e9s tanul\u00e1shoz val\u00f3 viszony\u00e1t, valamint a helyi iskola fel\u00e9p\u00edt\u00e9s\u00e9t.<\/p>\n<p><\/p>\n<p><\/p>\n<p>A harmadik nap folyam\u00e1n szint\u00e9n \u00e9rdekes el\u0151ad\u00e1sokat hallgathattunk meg m\u00e1s tan\u00e1rokt\u00f3l \u00e9s di\u00e1kokt\u00f3l, ut\u00e1na pedig Kilkis cseppk\u0151barlangj\u00e1ba ment\u00fcnk el.<\/p>\n<p><\/p>\n<p><\/p>\n<p>A negyedik napon megl\u00e1togattuk a Meteora gy\u00f6ny\u00f6r\u0171 hegyeit \u00e9s l\u00e1tv\u00e1nyoss\u00e1gait.<\/p>\n<p><\/p>\n<p><\/p>\n<p>\u00d6t\u00f6dik napunkon Vergi\u00e1ba l\u00e1togattunk el, ahol egy \u00e9rdekes archeol\u00f3giai m\u00fazeumot n\u00e9zt\u00fcnk meg.<\/p>\n<p><\/p>\n<p><\/p>\n<p>A hatodik napunk Thessalonikiben telt el, ahol szint\u00e9n archeol\u00f3giai m\u00fazeumot n\u00e9zhett\u00fcnk meg, majd d\u00e9lut\u00e1nunkat v\u00e1s\u00e1rl\u00e1ssal t\u00f6lthett\u00fck. Ezen az est\u00e9n esett meg a b\u00facs\u00favacsora is, ahol finomabbn\u00e1l finomabb \u00e9teleket k\u00f3stolhattunk meg, \u00e9s m\u00e1s nemzetek n\u00e9pt\u00e1ncait l\u00e1thattuk\/pr\u00f3b\u00e1lhattuk ki.<\/p>\n<p><\/p>\n<p><\/p>\n<p>A hetedik napon b\u00facs\u00faztattuk a t\u00f6bbi nemzetet, \u00e9s mivel mi a nyolcadik napon utaztunk haza, hetedik napunkat Halkidikin, Par\u00e1li\u00e1n t\u00f6lt\u00f6tt\u00fck, megn\u00e9zt\u00fck a tengert, kagyl\u00f3kat gy\u0171jt\u00f6tt\u00fcnk, ott is eb\u00e9delt\u00fcnk, \u00e9s egy kiad\u00f3s k\u00e1v\u00e9z\u00e1s ut\u00e1n visszautaztunk Kilkisbe.<\/p>\n<p><\/p>\n<p><\/p>\n<p>Nyolcadik napunkon utaztunk haza Thessaloniki rep\u00fcl\u0151ter\u00e9r\u0151l.<\/p>\n<p><\/p>\n<p><\/p>\n<p>\u00d6sszess\u00e9g\u00e9ben szerintem ez az utaz\u00e1s mindenki sz\u00e1m\u00e1ra egy felejthetetlen \u00e9lm\u00e9ny marad. Nem csak eml\u00e9keket, hanem \u00faj bar\u00e1ts\u00e1gokat is k\u00f6t\u00f6tt\u00fcnk \u00e9s ezek mellett fejlesztett\u00fck nyelvtud\u00e1sunkat is.<\/p>\n<p><\/p>\n<p><\/p>\n<p>Szem\u00e9ly szerint \u00e9n b\u00e1tran fogom aj\u00e1nlani di\u00e1kt\u00e1rsaimnak, hogy vegyenek r\u00e9szt ilyen programokon, hisz sosem tudhatjuk, hogy lesz-e m\u00e9g lehet\u0151s\u00e9g\u00fcnk ilyen utaz\u00e1sokra.<\/p>\n<p><\/p>\n<p><\/p>\n<p>(Csuvarszki Andrea \u00e9s Szab\u00f3 Dominika 11.C oszt\u00e1lyos tanul\u00f3k \u00e9lm\u00e9nybesz\u00e1mol\u00f3ja)<\/p>\n<p><\/p>\n<p><\/p>\n<p>A r\u00e9sztvev\u0151 di\u00e1kok:<\/p>\n<p><\/p>\n<p><\/p>\n<p>Csuvarszki Andrea 11.C<\/p>\n<p><\/p>\n<p><\/p>\n<p>Szab\u00f3 Dominika 11.C<\/p>\n<p><\/p>\n<p><\/p>\n<p>Kov\u00e1cs Vivien 12.C<\/p>\n<p><\/p>\n<p><\/p>\n<p>Lipt\u00e1k Lilla 12.C<\/p>\n<p><\/p>\n<p><\/p>\n<p>G\u00e1l Anik\u00f3 12.D<\/p>\n<p><\/p>\n<p><\/p>\n<p>Varga Merc\u00e9desz 12.D<\/p>\n<p><\/p>\n<p><\/p>\n<p>A felk\u00e9sz\u00edt\u0151 \u00e9s k\u00eds\u00e9r\u0151 tan\u00e1rok:<\/p>\n<p><\/p>\n<p><\/p>\n<p>D\u00e1vidn\u00e9 Kovalcsik Gabriella<\/p>\n<p><\/p>\n<p><\/p>\n<p>Erd\u00e9lyi Lajosn\u00e9<\/p>\n<p><\/p>\n<p><\/p>\n<p>Zsilinszki-Kutasi Ang\u00e9la<\/p>\n<p><\/p>\t\t\t\t\t\t\t\t<\/div>\n\t\t\t\t<\/div>\n\t\t\t\t\t<\/div>\n\t\t<\/div>\n\t\t\t\t\t<\/div>\n\t\t<\/section>\n\t\t\t\t<section class=\"elementor-section elementor-top-section elementor-element elementor-element-ef99a27 elementor-section-boxed elementor-section-height-default elementor-section-height-default\" data-id=\"ef99a27\" data-element_type=\"section\" data-e-type=\"section\">\n\t\t\t\t\t\t<div class=\"elementor-container elementor-column-gap-default\">\n\t\t\t\t\t<div class=\"elementor-column elementor-col-100 elementor-top-column elementor-element elementor-element-880ba23\" data-id=\"880ba23\" data-element_type=\"column\" data-e-type=\"column\">\n\t\t\t<div class=\"elementor-widget-wrap elementor-element-populated\">\n\t\t\t\t\t\t<div class=\"elementor-element elementor-element-c72acf4 elementor-widget elementor-widget-text-editor\" data-id=\"c72acf4\" data-element_type=\"widget\" data-e-type=\"widget\" data-widget_type=\"text-editor.default\">\n\t\t\t\t<div class=\"elementor-widget-container\">\n\t\t\t\t\t\t\t\t\t<div id=\"grid-gallery-15-31272\" data-gg-id=\"15\" data-title=\"Erasmus+ KA2 \u2013 G\u00f6r\u00f6gorsz\u00e1g\" data-grid-type=\"0\" data-offset=\"5.3\" data-area-position=\"center\" data-icons=\"\" data-preloader=\"true\" data-width=\"215\" data-height=\"215\" data-padding=\"0\" data-quicksand=\"disabled\" data-quicksand-duration=\"none\" data-popup-theme=\"theme_6\" data-popup-type=\"pretty-photo\" data-popup-image-text=\"data-description\" data-popup-widthsize=\"auto\" data-popup-heightsize=\"auto\" data-popup-i18n-words=\"{&quot;close&quot;:&quot;close&quot;,&quot;next&quot;:&quot;next&quot;,&quot;previous&quot;:&quot;previous&quot;,&quot;start_slideshow&quot;:&quot;start slideshow&quot;,&quot;stop_slideshow&quot;:&quot;stop slideshow&quot;,&quot;image&quot;:&quot;image&quot;,&quot;of&quot;:&quot;of&quot;,&quot;prev&quot;:&quot;prev&quot;,&quot;cExpand&quot;:&quot;Expand&quot;,&quot;cPrevious&quot;:&quot;Previous&quot;,&quot;cNext&quot;:&quot;Next&quot;,&quot;cExpandStr&quot;:&quot;Expand the image&quot;,&quot;cRotate&quot;:&quot;Rotate&quot;,&quot;cDetails&quot;:&quot;Details&quot;}\" data-popup-slideshow=\"false\" data-popup-slideshow-speed=\"2500\" data-popup-hoverstop=\"true\" data-popup-slideshow-auto=\"false\" data-popup-background=\"\" data-popup-transparency=\"30\" data-popup-disable-history=\"\" data-popup-disable-changed-url=\"\" data-popup-border-type=\"solid\" data-popup-border-color=\"\" data-popup-border-width=\"\" data-popup-border-enable=\"\" data-fullscreen=\"false\" data-hide-tooltip=\"false\" data-caption-font-family=\"Default\" data-caption-text-size=\"140\" data-is-mobile=\"0\" data-caption-mobile=\"false\" data-hide-long-tltp-title=\"0\" data-caption-disabled-on-mobile=\"false\" data-popup-placement-type=\"0\" data-social-sharing=\"{&quot;enabled&quot;:&quot;&quot;,&quot;gallerySharing&quot;:{&quot;enabled&quot;:null,&quot;position&quot;:null},&quot;imageSharing&quot;:{&quot;enabled&quot;:null,&quot;wrapperClass&quot;:&quot; vertical &quot;},&quot;popupSharing&quot;:{&quot;enabled&quot;:null,&quot;wrapperClass&quot;:&quot; vertical &quot;}}\" class=\"grid-gallery grid-gallery-fixed \" style=\" width:100%; height:auto; margin-left:auto; margin-right:auto;position:relative;\"> <div class=\"gallery-loading\"> <div class=\"blocks\"> <div class=\"block\"><\/div> <div class=\"block\"><\/div> <div class=\"block\"><\/div> <div class=\"block\"><\/div> <\/div> <\/div> <div class=\"gallery-sharing-top\" style=\"display:none;\"> <\/div> <div id=\"photos-15\" class=\"grid-gallery-photos\"><FIGURE class=\"grid-gallery-caption\" data-grid-gallery-type=\"quarter-slide-up\" data-index=\"0\" style=\"display:none;border-radius:00;; margin:5.3px; width:2150;\" ><div class=\"crop\" style=\" width:2150; height:2150; overflow:hidden;\"><img decoding=\"async\" src=\"\/wp-content\/uploads\/2020\/05\/gorog2019_1-215x215.jpg\" class=\"ggImg\" alt=\"gorog2019_1\" title=\"gorog2019_1\" data-description=\"gorog2019_1\" data-caption=\"gorog2019_1\" data-title=\"gorog2019_1\" style=\" width:215px; height:215px;\" \/><\/div><FIGCAPTION class=\"\" data-alpha=\"5\" style=\"color:#ffffff; background-color:#6f0000; font-size:140; text-align:left; font-family:Default;\" ><div class=\"grid-gallery-figcaption-wrap\" style=\"\"><\/div><\/FIGCAPTION><\/FIGURE><FIGURE class=\"grid-gallery-caption\" data-grid-gallery-type=\"quarter-slide-up\" data-index=\"1\" style=\"display:none;border-radius:00;; margin:5.3px; width:2150;\" ><div class=\"crop\" style=\" width:2150; height:2150; overflow:hidden;\"><img decoding=\"async\" src=\"\/wp-content\/uploads\/2020\/05\/gorog2019_2-215x215.jpg\" class=\"ggImg\" alt=\"gorog2019_2\" title=\"gorog2019_2\" data-description=\"gorog2019_2\" data-caption=\"gorog2019_2\" data-title=\"gorog2019_2\" style=\" width:215px; height:215px;\" \/><\/div><FIGCAPTION class=\"\" data-alpha=\"5\" style=\"color:#ffffff; background-color:#6f0000; font-size:140; text-align:left; font-family:Default;\" ><div class=\"grid-gallery-figcaption-wrap\" style=\"\"><\/div><\/FIGCAPTION><\/FIGURE><FIGURE class=\"grid-gallery-caption\" data-grid-gallery-type=\"quarter-slide-up\" data-index=\"2\" style=\"display:none;border-radius:00;; margin:5.3px; width:2150;\" ><div class=\"crop\" style=\" width:2150; height:2150; overflow:hidden;\"><img decoding=\"async\" src=\"\/wp-content\/uploads\/2020\/05\/gorog2019_3-215x215.jpg\" class=\"ggImg\" alt=\"gorog2019_3\" title=\"gorog2019_3\" data-description=\"gorog2019_3\" data-caption=\"gorog2019_3\" data-title=\"gorog2019_3\" style=\" width:215px; height:215px;\" \/><\/div><FIGCAPTION class=\"\" data-alpha=\"5\" style=\"color:#ffffff; background-color:#6f0000; font-size:140; text-align:left; font-family:Default;\" ><div class=\"grid-gallery-figcaption-wrap\" style=\"\"><\/div><\/FIGCAPTION><\/FIGURE><FIGURE class=\"grid-gallery-caption\" data-grid-gallery-type=\"quarter-slide-up\" data-index=\"3\" style=\"display:none;border-radius:00;; margin:5.3px; width:2150;\" ><div class=\"crop\" style=\" width:2150; height:2150; overflow:hidden;\"><img decoding=\"async\" src=\"\/wp-content\/uploads\/2020\/05\/gorog2019_4-215x215.jpg\" class=\"ggImg\" alt=\"gorog2019_4\" title=\"gorog2019_4\" data-description=\"gorog2019_4\" data-caption=\"gorog2019_4\" data-title=\"gorog2019_4\" style=\" width:215px; height:215px;\" \/><\/div><FIGCAPTION class=\"\" data-alpha=\"5\" style=\"color:#ffffff; background-color:#6f0000; font-size:140; text-align:left; font-family:Default;\" ><div class=\"grid-gallery-figcaption-wrap\" style=\"\"><\/div><\/FIGCAPTION><\/FIGURE><FIGURE class=\"grid-gallery-caption\" data-grid-gallery-type=\"quarter-slide-up\" data-index=\"4\" style=\"display:none;border-radius:00;; margin:5.3px; width:2150;\" ><div class=\"crop\" style=\" width:2150; height:2150; overflow:hidden;\"><img decoding=\"async\" src=\"\/wp-content\/uploads\/2020\/05\/gorog2019_5-215x215.jpg\" class=\"ggImg\" alt=\"gorog2019_5\" title=\"gorog2019_5\" data-description=\"gorog2019_5\" data-caption=\"gorog2019_5\" data-title=\"gorog2019_5\" style=\" width:215px; height:215px;\" \/><\/div><FIGCAPTION class=\"\" data-alpha=\"5\" style=\"color:#ffffff; background-color:#6f0000; font-size:140; text-align:left; font-family:Default;\" ><div class=\"grid-gallery-figcaption-wrap\" style=\"\"><\/div><\/FIGCAPTION><\/FIGURE><FIGURE class=\"grid-gallery-caption\" data-grid-gallery-type=\"quarter-slide-up\" data-index=\"5\" style=\"display:none;border-radius:00;; margin:5.3px; width:2150;\" ><div class=\"crop\" style=\" width:2150; height:2150; overflow:hidden;\"><img decoding=\"async\" src=\"\/wp-content\/uploads\/2020\/05\/gorog2019_6-215x215.jpg\" class=\"ggImg\" alt=\"gorog2019_6\" title=\"gorog2019_6\" data-description=\"gorog2019_6\" data-caption=\"gorog2019_6\" data-title=\"gorog2019_6\" style=\" width:215px; height:215px;\" \/><\/div><FIGCAPTION class=\"\" data-alpha=\"5\" style=\"color:#ffffff; background-color:#6f0000; font-size:140; text-align:left; font-family:Default;\" ><div class=\"grid-gallery-figcaption-wrap\" style=\"\"><\/div><\/FIGCAPTION><\/FIGURE><FIGURE class=\"grid-gallery-caption\" data-grid-gallery-type=\"quarter-slide-up\" data-index=\"6\" style=\"display:none;border-radius:00;; margin:5.3px; width:2150;\" ><div class=\"crop\" style=\" width:2150; height:2150; overflow:hidden;\"><img decoding=\"async\" src=\"\/wp-content\/uploads\/2020\/05\/gorog2019_7-215x215.jpg\" class=\"ggImg\" alt=\"gorog2019_7\" title=\"gorog2019_7\" data-description=\"gorog2019_7\" data-caption=\"gorog2019_7\" data-title=\"gorog2019_7\" style=\" width:215px; height:215px;\" \/><\/div><FIGCAPTION class=\"\" data-alpha=\"5\" style=\"color:#ffffff; background-color:#6f0000; font-size:140; text-align:left; font-family:Default;\" ><div class=\"grid-gallery-figcaption-wrap\" style=\"\"><\/div><\/FIGCAPTION><\/FIGURE><FIGURE class=\"grid-gallery-caption\" data-grid-gallery-type=\"quarter-slide-up\" data-index=\"7\" style=\"display:none;border-radius:00;; margin:5.3px; width:2150;\" ><div class=\"crop\" style=\" width:2150; height:2150; overflow:hidden;\"><img decoding=\"async\" src=\"\/wp-content\/uploads\/2020\/05\/gorog2019_8-215x215.jpg\" class=\"ggImg\" alt=\"gorog2019_8\" title=\"gorog2019_8\" data-description=\"gorog2019_8\" data-caption=\"gorog2019_8\" data-title=\"gorog2019_8\" style=\" width:215px; height:215px;\" \/><\/div><FIGCAPTION class=\"\" data-alpha=\"5\" style=\"color:#ffffff; background-color:#6f0000; font-size:140; text-align:left; font-family:Default;\" ><div class=\"grid-gallery-figcaption-wrap\" style=\"\"><\/div><\/FIGCAPTION><\/FIGURE> <div class=\"grid-gallery-clearfix\"><\/div> <\/div> <div class=\"gallery-sharing-bottom\" style=\"display:none;\"> <\/div> <div class=\"gallery-sharing-image\" style=\"display:none;\"> <\/div> <div class=\"gallery-sharing-popup\" style=\"display:none;\"> <\/div> <div class=\"grid-gallery-clearfix\"><\/div> <\/div> <!-- Gallery by Supsystic plugin1.16.0 --><a title=\"Best WordPress Gallery Plugin\" style=\"display:none;\" href=\"https:\/\/supsystic.com\/plugins\/photo-gallery\/?utm_medium=love_link\" target=\"_blank\">Best WordPress Gallery Plugin<\/a>\t\t\t\t\t\t\t\t<\/div>\n\t\t\t\t<\/div>\n\t\t\t\t\t<\/div>\n\t\t<\/div>\n\t\t\t\t\t<\/div>\n\t\t<\/section>\n\t\t\t\t<\/div>\n\t\t","protected":false},"excerpt":{"rendered":"<p>\u201cBe the change you want to see\u201d G\u00f6r\u00f6gorsz\u00e1gi projekttal\u00e1lkoz\u00f3 2019. m\u00e1rcius 17-24. Erasmus Pluszos \u00e9lm\u00e9nyeim Az elm\u00falt \u00e9vek folyam\u00e1n t\u00f6bbsz\u00f6r is volt lehet\u0151s\u00e9gem Erasmus programban r\u00e9sz venni. Egyszer T\u00f6r\u00f6korsz\u00e1gban egy egyhetes programban vehettem r\u00e9szt, legut\u00f3bbi alkalommal pedig G\u00f6r\u00f6gorsz\u00e1gban t\u00f6lt\u00f6ttem szint\u00e9n egy hetet h\u00e1rom tan\u00e1rommal \u00e9s \u00f6t di\u00e1kt\u00e1rsammal. A programban di\u00e1kt\u00e1rsaim \u00e9s \u00e9n g\u00f6r\u00f6g csal\u00e1dokn\u00e1l voltunk [&hellip;]<\/p>\n","protected":false},"author":4,"featured_media":0,"parent":0,"menu_order":0,"comment_status":"closed","ping_status":"closed","template":"","meta":{"footnotes":""},"class_list":["post-1040","page","type-page","status-publish","hentry"],"_links":{"self":[{"href":"\/index.php\/wp-json\/wp\/v2\/pages\/1040","targetHints":{"allow":["GET"]}}],"collection":[{"href":"\/index.php\/wp-json\/wp\/v2\/pages"}],"about":[{"href":"\/index.php\/wp-json\/wp\/v2\/types\/page"}],"author":[{"embeddable":true,"href":"\/index.php\/wp-json\/wp\/v2\/users\/4"}],"replies":[{"embeddable":true,"href":"\/index.php\/wp-json\/wp\/v2\/comments?post=1040"}],"version-history":[{"count":2,"href":"\/index.php\/wp-json\/wp\/v2\/pages\/1040\/revisions"}],"predecessor-version":[{"id":1059,"href":"\/index.php\/wp-json\/wp\/v2\/pages\/1040\/revisions\/1059"}],"wp:attachment":[{"href":"\/index.php\/wp-json\/wp\/v2\/media?parent=1040"}],"curies":[{"name":"wp","href":"https:\/\/api.w.org\/{rel}","templated":true}]}}