{"id":1023,"date":"2020-05-18T10:28:48","date_gmt":"2020-05-18T09:28:48","guid":{"rendered":"\/?page_id=1023"},"modified":"2020-05-18T10:30:15","modified_gmt":"2020-05-18T09:30:15","slug":"erasmus-ka2-torokorszag-2018","status":"publish","type":"page","link":"\/index.php\/erasmus-ka2-torokorszag-2018\/","title":{"rendered":"Erasmus+ KA2 \u2013 T\u00f6r\u00f6korsz\u00e1g 2018"},"content":{"rendered":"\t\t<div data-elementor-type=\"wp-page\" data-elementor-id=\"1023\" class=\"elementor elementor-1023\" data-elementor-post-type=\"page\">\n\t\t\t\t\t\t<section class=\"elementor-section elementor-top-section elementor-element elementor-element-420a623 elementor-section-boxed elementor-section-height-default elementor-section-height-default\" data-id=\"420a623\" data-element_type=\"section\" data-e-type=\"section\">\n\t\t\t\t\t\t<div class=\"elementor-container elementor-column-gap-default\">\n\t\t\t\t\t<div class=\"elementor-column elementor-col-100 elementor-top-column elementor-element elementor-element-01f385f\" data-id=\"01f385f\" data-element_type=\"column\" data-e-type=\"column\">\n\t\t\t<div class=\"elementor-widget-wrap elementor-element-populated\">\n\t\t\t\t\t\t<div class=\"elementor-element elementor-element-f496e56 elementor-widget elementor-widget-spacer\" data-id=\"f496e56\" data-element_type=\"widget\" data-e-type=\"widget\" data-widget_type=\"spacer.default\">\n\t\t\t\t<div class=\"elementor-widget-container\">\n\t\t\t\t\t\t\t<div class=\"elementor-spacer\">\n\t\t\t<div class=\"elementor-spacer-inner\"><\/div>\n\t\t<\/div>\n\t\t\t\t\t\t<\/div>\n\t\t\t\t<\/div>\n\t\t\t\t\t<\/div>\n\t\t<\/div>\n\t\t\t\t\t<\/div>\n\t\t<\/section>\n\t\t\t\t<section class=\"elementor-section elementor-top-section elementor-element elementor-element-c5f14be elementor-section-boxed elementor-section-height-default elementor-section-height-default\" data-id=\"c5f14be\" data-element_type=\"section\" data-e-type=\"section\">\n\t\t\t\t\t\t<div class=\"elementor-container elementor-column-gap-default\">\n\t\t\t\t\t<div class=\"elementor-column elementor-col-100 elementor-top-column elementor-element elementor-element-e51ec8f\" data-id=\"e51ec8f\" data-element_type=\"column\" data-e-type=\"column\">\n\t\t\t<div class=\"elementor-widget-wrap elementor-element-populated\">\n\t\t\t\t\t\t<div class=\"elementor-element elementor-element-b8c01f3 elementor-widget elementor-widget-heading\" data-id=\"b8c01f3\" data-element_type=\"widget\" data-e-type=\"widget\" data-widget_type=\"heading.default\">\n\t\t\t\t<div class=\"elementor-widget-container\">\n\t\t\t\t\t<h5 class=\"elementor-heading-title elementor-size-default\">Erasmus+ KA2 \u2013 T\u00f6r\u00f6korsz\u00e1g<\/h5>\t\t\t\t<\/div>\n\t\t\t\t<\/div>\n\t\t\t\t\t<\/div>\n\t\t<\/div>\n\t\t\t\t\t<\/div>\n\t\t<\/section>\n\t\t\t\t<section class=\"elementor-section elementor-top-section elementor-element elementor-element-237be5a elementor-section-boxed elementor-section-height-default elementor-section-height-default\" data-id=\"237be5a\" data-element_type=\"section\" data-e-type=\"section\">\n\t\t\t\t\t\t<div class=\"elementor-container elementor-column-gap-default\">\n\t\t\t\t\t<div class=\"elementor-column elementor-col-100 elementor-top-column elementor-element elementor-element-f220c44\" data-id=\"f220c44\" data-element_type=\"column\" data-e-type=\"column\">\n\t\t\t<div class=\"elementor-widget-wrap elementor-element-populated\">\n\t\t\t\t\t\t<div class=\"elementor-element elementor-element-99f75c9 elementor-widget elementor-widget-heading\" data-id=\"99f75c9\" data-element_type=\"widget\" data-e-type=\"widget\" data-widget_type=\"heading.default\">\n\t\t\t\t<div class=\"elementor-widget-container\">\n\t\t\t\t\t<h5 class=\"elementor-heading-title elementor-size-default\">\u201cBe the change you want to see\u201d<\/h5>\t\t\t\t<\/div>\n\t\t\t\t<\/div>\n\t\t\t\t\t<\/div>\n\t\t<\/div>\n\t\t\t\t\t<\/div>\n\t\t<\/section>\n\t\t\t\t<section class=\"elementor-section elementor-top-section elementor-element elementor-element-8c13f9c elementor-section-boxed elementor-section-height-default elementor-section-height-default\" data-id=\"8c13f9c\" data-element_type=\"section\" data-e-type=\"section\">\n\t\t\t\t\t\t<div class=\"elementor-container elementor-column-gap-default\">\n\t\t\t\t\t<div class=\"elementor-column elementor-col-100 elementor-top-column elementor-element elementor-element-2133f26\" data-id=\"2133f26\" data-element_type=\"column\" data-e-type=\"column\">\n\t\t\t<div class=\"elementor-widget-wrap elementor-element-populated\">\n\t\t\t\t\t\t<div class=\"elementor-element elementor-element-437065d elementor-widget elementor-widget-heading\" data-id=\"437065d\" data-element_type=\"widget\" data-e-type=\"widget\" data-widget_type=\"heading.default\">\n\t\t\t\t<div class=\"elementor-widget-container\">\n\t\t\t\t\t<h5 class=\"elementor-heading-title elementor-size-default\">T\u00f6r\u00f6korsz\u00e1gi projekttal\u00e1lkoz\u00f3<\/h5>\t\t\t\t<\/div>\n\t\t\t\t<\/div>\n\t\t\t\t\t<\/div>\n\t\t<\/div>\n\t\t\t\t\t<\/div>\n\t\t<\/section>\n\t\t\t\t<section class=\"elementor-section elementor-top-section elementor-element elementor-element-7fdfee3 elementor-section-boxed elementor-section-height-default elementor-section-height-default\" data-id=\"7fdfee3\" data-element_type=\"section\" data-e-type=\"section\">\n\t\t\t\t\t\t<div class=\"elementor-container elementor-column-gap-default\">\n\t\t\t\t\t<div class=\"elementor-column elementor-col-100 elementor-top-column elementor-element elementor-element-d299f3d\" data-id=\"d299f3d\" data-element_type=\"column\" data-e-type=\"column\">\n\t\t\t<div class=\"elementor-widget-wrap elementor-element-populated\">\n\t\t\t\t\t\t<div class=\"elementor-element elementor-element-546047f elementor-widget elementor-widget-heading\" data-id=\"546047f\" data-element_type=\"widget\" data-e-type=\"widget\" data-widget_type=\"heading.default\">\n\t\t\t\t<div class=\"elementor-widget-container\">\n\t\t\t\t\t<h5 class=\"elementor-heading-title elementor-size-default\">2018.12.09-15.<\/h5>\t\t\t\t<\/div>\n\t\t\t\t<\/div>\n\t\t\t\t\t<\/div>\n\t\t<\/div>\n\t\t\t\t\t<\/div>\n\t\t<\/section>\n\t\t\t\t<section class=\"elementor-section elementor-top-section elementor-element elementor-element-daf904b elementor-section-boxed elementor-section-height-default elementor-section-height-default\" data-id=\"daf904b\" data-element_type=\"section\" data-e-type=\"section\">\n\t\t\t\t\t\t<div class=\"elementor-container elementor-column-gap-default\">\n\t\t\t\t\t<div class=\"elementor-column elementor-col-100 elementor-top-column elementor-element elementor-element-6db997c\" data-id=\"6db997c\" data-element_type=\"column\" data-e-type=\"column\">\n\t\t\t<div class=\"elementor-widget-wrap elementor-element-populated\">\n\t\t\t\t\t\t<div class=\"elementor-element elementor-element-04206b6 elementor-widget elementor-widget-spacer\" data-id=\"04206b6\" data-element_type=\"widget\" data-e-type=\"widget\" data-widget_type=\"spacer.default\">\n\t\t\t\t<div class=\"elementor-widget-container\">\n\t\t\t\t\t\t\t<div class=\"elementor-spacer\">\n\t\t\t<div class=\"elementor-spacer-inner\"><\/div>\n\t\t<\/div>\n\t\t\t\t\t\t<\/div>\n\t\t\t\t<\/div>\n\t\t\t\t\t<\/div>\n\t\t<\/div>\n\t\t\t\t\t<\/div>\n\t\t<\/section>\n\t\t\t\t<section class=\"elementor-section elementor-top-section elementor-element elementor-element-6c5ee51b elementor-section-boxed elementor-section-height-default elementor-section-height-default\" data-id=\"6c5ee51b\" data-element_type=\"section\" data-e-type=\"section\">\n\t\t\t\t\t\t<div class=\"elementor-container elementor-column-gap-default\">\n\t\t\t\t\t<div class=\"elementor-column elementor-col-100 elementor-top-column elementor-element elementor-element-68fb4535\" data-id=\"68fb4535\" data-element_type=\"column\" data-e-type=\"column\">\n\t\t\t<div class=\"elementor-widget-wrap elementor-element-populated\">\n\t\t\t\t\t\t<div class=\"elementor-element elementor-element-79cadde8 elementor-widget elementor-widget-text-editor\" data-id=\"79cadde8\" data-element_type=\"widget\" data-e-type=\"widget\" data-widget_type=\"text-editor.default\">\n\t\t\t\t<div class=\"elementor-widget-container\">\n\t\t\t\t\t\t\t\t\t<p><\/p>\n<p>Az Erasmus+\u00a0KA229\u00a0projektsz\u00e1m\u00fa p\u00e1ly\u00e1zat keret\u00e9ben 5 orsz\u00e1g (G\u00f6r\u00f6gorsz\u00e1g, T\u00f6r\u00f6korsz\u00e1g, Lengyelorsz\u00e1g, Rom\u00e1nia \u00e9s Magyarorsz\u00e1g)\u00a0partneriskol\u00e1i egy\u00fcttm\u0171k\u00f6d\u00e9s\u00e9vel\u00a0&#8222;<strong>Be the Change You Want to See&#8221;<\/strong>\u00a0projektc\u00edmmel 2018. 09. 01. &#8211; 2020. 08. 31. k\u00f6z\u00f6tt megval\u00f3s\u00edtand\u00f3 projektet nyert\u00fcnk. Ennek t\u00e9m\u00e1ja az \u00fajszer\u0171, t\u00f6rt\u00e9neteken alapul\u00f3 nyelvtan\u00edt\u00e1s-nyelvtanul\u00e1s, amelynek keret\u00e9ben egyhetes di\u00e1ktal\u00e1lkoz\u00f3kra ker\u00fcl sor az adott id\u0151keret alatt G\u00f6r\u00f6gorsz\u00e1gban, Magyarorsz\u00e1gon, Rom\u00e1ni\u00e1ban \u00e9s Lengyelorsz\u00e1gban.<\/p>\n<p><\/p>\n<p><\/p>\n<p>Az els\u0151 projekttal\u00e1lkoz\u00f3ra 2018. december 9-15-e k\u00f6z\u00f6tt T\u00f6r\u00f6korsz\u00e1gban, Isztambulban ker\u00fclt sor, melyen a partneriskol\u00e1k tan\u00e1rai az elk\u00f6vetkez\u0151 di\u00e1ktal\u00e1lkoz\u00f3kat k\u00e9sz\u00edtett\u00e9k el\u0151. Int\u00e9zm\u00e9ny\u00fcnket Vlcsk\u00f3 P\u00e1l, Erd\u00e9lyi Lajosn\u00e9 \u00e9s D\u00e1vidn\u00e9 Kovalcsik Gabriella k\u00e9pviselte.<\/p>\n<p><\/p>\n<p><\/p>\n<p>A projekttal\u00e1lkoz\u00f3 alatt az isztambuli Kozmos iskol\u00e1ban a k\u00f6vetkez\u0151 2 \u00e9v programj\u00e1t dolgozt\u00e1k ki a tan\u00e1rok, \u00f3r\u00e1kat l\u00e1togattak \u00e9s tartottak a t\u00f6r\u00f6k k\u00f6z\u00e9piskola di\u00e1kjainak. Emellett d\u00e9lut\u00e1nonk\u00e9nt a koll\u00e9g\u00e1knak lehet\u0151s\u00e9ge ny\u00edlt megismerkedni T\u00f6r\u00f6korsz\u00e1g \u00e9s Isztambul kultur\u00e1lis \u00f6r\u00f6ks\u00e9g\u00e9vel, szok\u00e1saival \u00e9s gasztron\u00f3mi\u00e1j\u00e1val is. Ell\u00e1togattak a k\u00e9k mecsetbe, a Galata-toronyba, a Topkapi palot\u00e1ba, a Maiden Towerbe, az Hagia Sophi\u00e1ba, tradicion\u00e1lis \u00e9teleket k\u00f3stolhattak helyi \u00e9ttermekben, \u00e9s egy t\u00f6r\u00f6k csal\u00e1dn\u00e1l is elt\u00f6lthettek egy est\u00e9t, akik vacsor\u00e1val l\u00e1tt\u00e1k\u00a0vend\u00e9g\u00fcl int\u00e9zm\u00e9ny\u00fcnk tan\u00e1rait.<\/p>\n<p><\/p>\n<p><\/p>\n<p>A h\u00e9t hasznosan telt el, a k\u00f6vetkez\u0151 l\u00e9p\u00e9s a g\u00f6r\u00f6gorsz\u00e1gi di\u00e1ktal\u00e1lkoz\u00f3 lesz 2019. m\u00e1rcius 17-23. k\u00f6zt, amelyen hat tanul\u00f3 vesz r\u00e9szt iskol\u00e1nkb\u00f3l.<\/p>\n<p><\/p>\n<p><\/p>\n<p>Koordin\u00e1tor: Erd\u00e9lyi Lajosn\u00e9<\/p>\n<p><\/p>\n<p><\/p>\n<p>Projektvezet\u0151: D\u00e1vidn\u00e9 Kovalcsik Gabriella<\/p>\n<p><\/p>\t\t\t\t\t\t\t\t<\/div>\n\t\t\t\t<\/div>\n\t\t\t\t\t<\/div>\n\t\t<\/div>\n\t\t\t\t\t<\/div>\n\t\t<\/section>\n\t\t\t\t<section class=\"elementor-section elementor-top-section elementor-element elementor-element-250b677 elementor-section-boxed elementor-section-height-default elementor-section-height-default\" data-id=\"250b677\" data-element_type=\"section\" data-e-type=\"section\">\n\t\t\t\t\t\t<div class=\"elementor-container elementor-column-gap-default\">\n\t\t\t\t\t<div class=\"elementor-column elementor-col-100 elementor-top-column elementor-element elementor-element-61fe3f0\" data-id=\"61fe3f0\" data-element_type=\"column\" data-e-type=\"column\">\n\t\t\t<div class=\"elementor-widget-wrap elementor-element-populated\">\n\t\t\t\t\t\t<div class=\"elementor-element elementor-element-b9ababf elementor-widget elementor-widget-text-editor\" data-id=\"b9ababf\" data-element_type=\"widget\" data-e-type=\"widget\" data-widget_type=\"text-editor.default\">\n\t\t\t\t<div class=\"elementor-widget-container\">\n\t\t\t\t\t\t\t\t\t<div id=\"grid-gallery-14-24282\" data-gg-id=\"14\" data-title=\"Erasmus+ KA2 \u2013 T\u00f6r\u00f6korsz\u00e1g 2018\" data-grid-type=\"0\" data-offset=\"5.3\" data-area-position=\"center\" data-icons=\"\" data-preloader=\"true\" data-width=\"215\" data-height=\"215\" data-padding=\"0\" data-quicksand=\"disabled\" data-quicksand-duration=\"none\" data-popup-theme=\"theme_6\" data-popup-type=\"pretty-photo\" data-popup-image-text=\"data-description\" data-popup-widthsize=\"auto\" data-popup-heightsize=\"auto\" data-popup-i18n-words=\"{&quot;close&quot;:&quot;close&quot;,&quot;next&quot;:&quot;next&quot;,&quot;previous&quot;:&quot;previous&quot;,&quot;start_slideshow&quot;:&quot;start slideshow&quot;,&quot;stop_slideshow&quot;:&quot;stop slideshow&quot;,&quot;image&quot;:&quot;image&quot;,&quot;of&quot;:&quot;of&quot;,&quot;prev&quot;:&quot;prev&quot;,&quot;cExpand&quot;:&quot;Expand&quot;,&quot;cPrevious&quot;:&quot;Previous&quot;,&quot;cNext&quot;:&quot;Next&quot;,&quot;cExpandStr&quot;:&quot;Expand the image&quot;,&quot;cRotate&quot;:&quot;Rotate&quot;,&quot;cDetails&quot;:&quot;Details&quot;}\" data-popup-slideshow=\"false\" data-popup-slideshow-speed=\"2500\" data-popup-hoverstop=\"true\" data-popup-slideshow-auto=\"false\" data-popup-background=\"\" data-popup-transparency=\"30\" data-popup-disable-history=\"\" data-popup-disable-changed-url=\"\" data-popup-border-type=\"solid\" data-popup-border-color=\"\" data-popup-border-width=\"\" data-popup-border-enable=\"\" data-fullscreen=\"false\" data-hide-tooltip=\"false\" data-caption-font-family=\"Default\" data-caption-text-size=\"140\" data-is-mobile=\"0\" data-caption-mobile=\"false\" data-hide-long-tltp-title=\"0\" data-caption-disabled-on-mobile=\"false\" data-popup-placement-type=\"0\" data-social-sharing=\"{&quot;enabled&quot;:&quot;&quot;,&quot;gallerySharing&quot;:{&quot;enabled&quot;:null,&quot;position&quot;:null},&quot;imageSharing&quot;:{&quot;enabled&quot;:null,&quot;wrapperClass&quot;:&quot; vertical &quot;},&quot;popupSharing&quot;:{&quot;enabled&quot;:null,&quot;wrapperClass&quot;:&quot; vertical &quot;}}\" class=\"grid-gallery grid-gallery-fixed \" style=\" width:100%; height:auto; margin-left:auto; margin-right:auto;position:relative;\"> <div class=\"gallery-loading\"> <div class=\"blocks\"> <div class=\"block\"><\/div> <div class=\"block\"><\/div> <div class=\"block\"><\/div> <div class=\"block\"><\/div> <\/div> <\/div> <div class=\"gallery-sharing-top\" style=\"display:none;\"> <\/div> <div id=\"photos-14\" class=\"grid-gallery-photos\"><FIGURE class=\"grid-gallery-caption\" data-grid-gallery-type=\"quarter-slide-up\" data-index=\"0\" style=\"display:none;border-radius:00;; margin:5.3px; width:2150;\" ><div class=\"crop\" style=\" width:2150; height:2150; overflow:hidden;\"><img decoding=\"async\" src=\"\/wp-content\/uploads\/2020\/05\/tor2018_1-215x215.jpg\" class=\"ggImg\" alt=\"tor2018_1\" title=\"tor2018_1\" data-description=\"tor2018_1\" data-caption=\"tor2018_1\" data-title=\"tor2018_1\" style=\" width:215px; height:215px;\" \/><\/div><FIGCAPTION class=\"\" data-alpha=\"5\" style=\"color:#ffffff; background-color:#6f0000; font-size:140; text-align:left; font-family:Default;\" ><div class=\"grid-gallery-figcaption-wrap\" style=\"\"><\/div><\/FIGCAPTION><\/FIGURE><FIGURE class=\"grid-gallery-caption\" data-grid-gallery-type=\"quarter-slide-up\" data-index=\"1\" style=\"display:none;border-radius:00;; margin:5.3px; width:2150;\" ><div class=\"crop\" style=\" width:2150; height:2150; overflow:hidden;\"><img decoding=\"async\" src=\"\/wp-content\/uploads\/2020\/05\/tor2018_2-215x215.jpg\" class=\"ggImg\" alt=\"tor2018_2\" title=\"tor2018_2\" data-description=\"tor2018_2\" data-caption=\"tor2018_2\" data-title=\"tor2018_2\" style=\" width:215px; height:215px;\" \/><\/div><FIGCAPTION class=\"\" data-alpha=\"5\" style=\"color:#ffffff; background-color:#6f0000; font-size:140; text-align:left; font-family:Default;\" ><div class=\"grid-gallery-figcaption-wrap\" style=\"\"><\/div><\/FIGCAPTION><\/FIGURE><FIGURE class=\"grid-gallery-caption\" data-grid-gallery-type=\"quarter-slide-up\" data-index=\"2\" style=\"display:none;border-radius:00;; margin:5.3px; width:2150;\" ><div class=\"crop\" style=\" width:2150; height:2150; overflow:hidden;\"><img decoding=\"async\" src=\"\/wp-content\/uploads\/2020\/05\/tor2018_3-215x215.jpg\" class=\"ggImg\" alt=\"tor2018_3\" title=\"tor2018_3\" data-description=\"tor2018_3\" data-caption=\"tor2018_3\" data-title=\"tor2018_3\" style=\" width:215px; height:215px;\" \/><\/div><FIGCAPTION class=\"\" data-alpha=\"5\" style=\"color:#ffffff; background-color:#6f0000; font-size:140; text-align:left; font-family:Default;\" ><div class=\"grid-gallery-figcaption-wrap\" style=\"\"><\/div><\/FIGCAPTION><\/FIGURE><FIGURE class=\"grid-gallery-caption\" data-grid-gallery-type=\"quarter-slide-up\" data-index=\"3\" style=\"display:none;border-radius:00;; margin:5.3px; width:2150;\" ><div class=\"crop\" style=\" width:2150; height:2150; overflow:hidden;\"><img decoding=\"async\" src=\"\/wp-content\/uploads\/2020\/05\/tor2018_4-215x215.jpg\" class=\"ggImg\" alt=\"tor2018_4\" title=\"tor2018_4\" data-description=\"tor2018_4\" data-caption=\"tor2018_4\" data-title=\"tor2018_4\" style=\" width:215px; height:215px;\" \/><\/div><FIGCAPTION class=\"\" data-alpha=\"5\" style=\"color:#ffffff; background-color:#6f0000; font-size:140; text-align:left; font-family:Default;\" ><div class=\"grid-gallery-figcaption-wrap\" style=\"\"><\/div><\/FIGCAPTION><\/FIGURE><FIGURE class=\"grid-gallery-caption\" data-grid-gallery-type=\"quarter-slide-up\" data-index=\"4\" style=\"display:none;border-radius:00;; margin:5.3px; width:2150;\" ><div class=\"crop\" style=\" width:2150; height:2150; overflow:hidden;\"><img decoding=\"async\" src=\"\/wp-content\/uploads\/2020\/05\/tor2018_5-215x215.jpg\" class=\"ggImg\" alt=\"tor2018_5\" title=\"tor2018_5\" data-description=\"tor2018_5\" data-caption=\"tor2018_5\" data-title=\"tor2018_5\" style=\" width:215px; height:215px;\" \/><\/div><FIGCAPTION class=\"\" data-alpha=\"5\" style=\"color:#ffffff; background-color:#6f0000; font-size:140; text-align:left; font-family:Default;\" ><div class=\"grid-gallery-figcaption-wrap\" style=\"\"><\/div><\/FIGCAPTION><\/FIGURE><FIGURE class=\"grid-gallery-caption\" data-grid-gallery-type=\"quarter-slide-up\" data-index=\"5\" style=\"display:none;border-radius:00;; margin:5.3px; width:2150;\" ><div class=\"crop\" style=\" width:2150; height:2150; overflow:hidden;\"><img decoding=\"async\" src=\"\/wp-content\/uploads\/2020\/05\/tor2018_6-215x215.jpg\" class=\"ggImg\" alt=\"tor2018_6\" title=\"tor2018_6\" data-description=\"tor2018_6\" data-caption=\"tor2018_6\" data-title=\"tor2018_6\" style=\" width:215px; height:215px;\" \/><\/div><FIGCAPTION class=\"\" data-alpha=\"5\" style=\"color:#ffffff; background-color:#6f0000; font-size:140; text-align:left; font-family:Default;\" ><div class=\"grid-gallery-figcaption-wrap\" style=\"\"><\/div><\/FIGCAPTION><\/FIGURE><FIGURE class=\"grid-gallery-caption\" data-grid-gallery-type=\"quarter-slide-up\" data-index=\"6\" style=\"display:none;border-radius:00;; margin:5.3px; width:2150;\" ><div class=\"crop\" style=\" width:2150; height:2150; overflow:hidden;\"><img decoding=\"async\" src=\"\/wp-content\/uploads\/2020\/05\/tor2018_7-215x215.jpg\" class=\"ggImg\" alt=\"tor2018_7\" title=\"tor2018_7\" data-description=\"tor2018_7\" data-caption=\"tor2018_7\" data-title=\"tor2018_7\" style=\" width:215px; height:215px;\" \/><\/div><FIGCAPTION class=\"\" data-alpha=\"5\" style=\"color:#ffffff; background-color:#6f0000; font-size:140; text-align:left; font-family:Default;\" ><div class=\"grid-gallery-figcaption-wrap\" style=\"\"><\/div><\/FIGCAPTION><\/FIGURE><FIGURE class=\"grid-gallery-caption\" data-grid-gallery-type=\"quarter-slide-up\" data-index=\"7\" style=\"display:none;border-radius:00;; margin:5.3px; width:2150;\" ><div class=\"crop\" style=\" width:2150; height:2150; overflow:hidden;\"><img decoding=\"async\" src=\"\/wp-content\/uploads\/2020\/05\/tor2018_8-215x215.jpg\" class=\"ggImg\" alt=\"tor2018_8\" title=\"tor2018_8\" data-description=\"tor2018_8\" data-caption=\"tor2018_8\" data-title=\"tor2018_8\" style=\" width:215px; height:215px;\" \/><\/div><FIGCAPTION class=\"\" data-alpha=\"5\" style=\"color:#ffffff; background-color:#6f0000; font-size:140; text-align:left; font-family:Default;\" ><div class=\"grid-gallery-figcaption-wrap\" style=\"\"><\/div><\/FIGCAPTION><\/FIGURE> <div class=\"grid-gallery-clearfix\"><\/div> <\/div> <div class=\"gallery-sharing-bottom\" style=\"display:none;\"> <\/div> <div class=\"gallery-sharing-image\" style=\"display:none;\"> <\/div> <div class=\"gallery-sharing-popup\" style=\"display:none;\"> <\/div> <div class=\"grid-gallery-clearfix\"><\/div> <\/div> <!-- Gallery by Supsystic plugin1.16.0 --><a title=\"Best WordPress Gallery Plugin\" style=\"display:none;\" href=\"https:\/\/supsystic.com\/plugins\/photo-gallery\/?utm_medium=love_link\" target=\"_blank\">Best WordPress Gallery Plugin<\/a>\t\t\t\t\t\t\t\t<\/div>\n\t\t\t\t<\/div>\n\t\t\t\t\t<\/div>\n\t\t<\/div>\n\t\t\t\t\t<\/div>\n\t\t<\/section>\n\t\t\t\t<\/div>\n\t\t","protected":false},"excerpt":{"rendered":"<p>Erasmus+ KA2 \u2013 T\u00f6r\u00f6korsz\u00e1g \u201cBe the change you want to see\u201d T\u00f6r\u00f6korsz\u00e1gi projekttal\u00e1lkoz\u00f3 2018.12.09-15. Az Erasmus+\u00a0KA229\u00a0projektsz\u00e1m\u00fa p\u00e1ly\u00e1zat keret\u00e9ben 5 orsz\u00e1g (G\u00f6r\u00f6gorsz\u00e1g, T\u00f6r\u00f6korsz\u00e1g, Lengyelorsz\u00e1g, Rom\u00e1nia \u00e9s Magyarorsz\u00e1g)\u00a0partneriskol\u00e1i egy\u00fcttm\u0171k\u00f6d\u00e9s\u00e9vel\u00a0&#8222;Be the Change You Want to See&#8221;\u00a0projektc\u00edmmel 2018. 09. 01. &#8211; 2020. 08. 31. k\u00f6z\u00f6tt megval\u00f3s\u00edtand\u00f3 projektet nyert\u00fcnk. Ennek t\u00e9m\u00e1ja az \u00fajszer\u0171, t\u00f6rt\u00e9neteken alapul\u00f3 nyelvtan\u00edt\u00e1s-nyelvtanul\u00e1s, amelynek keret\u00e9ben egyhetes di\u00e1ktal\u00e1lkoz\u00f3kra [&hellip;]<\/p>\n","protected":false},"author":4,"featured_media":0,"parent":0,"menu_order":0,"comment_status":"closed","ping_status":"closed","template":"","meta":{"footnotes":""},"class_list":["post-1023","page","type-page","status-publish","hentry"],"_links":{"self":[{"href":"\/index.php\/wp-json\/wp\/v2\/pages\/1023","targetHints":{"allow":["GET"]}}],"collection":[{"href":"\/index.php\/wp-json\/wp\/v2\/pages"}],"about":[{"href":"\/index.php\/wp-json\/wp\/v2\/types\/page"}],"author":[{"embeddable":true,"href":"\/index.php\/wp-json\/wp\/v2\/users\/4"}],"replies":[{"embeddable":true,"href":"\/index.php\/wp-json\/wp\/v2\/comments?post=1023"}],"version-history":[{"count":3,"href":"\/index.php\/wp-json\/wp\/v2\/pages\/1023\/revisions"}],"predecessor-version":[{"id":1035,"href":"\/index.php\/wp-json\/wp\/v2\/pages\/1023\/revisions\/1035"}],"wp:attachment":[{"href":"\/index.php\/wp-json\/wp\/v2\/media?parent=1023"}],"curies":[{"name":"wp","href":"https:\/\/api.w.org\/{rel}","templated":true}]}}